{"id":226854,"date":"2024-09-29T02:00:42","date_gmt":"2024-09-29T02:00:42","guid":{"rendered":"https:\/\/irankiuzona.lt\/product\/vakumine-pompa\/"},"modified":"2026-05-16T01:53:41","modified_gmt":"2026-05-16T01:53:41","slug":"vakumine-pompa","status":"publish","type":"product","link":"https:\/\/irankiuzona.lt\/ru\/product\/vakumine-pompa\/","title":{"rendered":"Vakumin\u0117 pompa"},"content":{"rendered":"<p>Plienin\u0117 konstrukcija Tinka stabd\u017ei\u0173 skys\u010dio nuorinimui Iki -1bar<\/p>","protected":false},"excerpt":{"rendered":"<p>Vakumin\u0117 pompa \u00a0<\/p>","protected":false},"featured_media":226856,"comment_status":"open","ping_status":"open","template":"","meta":[],"product_cat":[9604],"product_tag":[9462],"class_list":{"0":"post-226854","1":"product","2":"type-product","3":"status-publish","4":"has-post-thumbnail","6":"product_brand-condor-werkzeug-vokietija","7":"product_cat-diagnostika","8":"product_tag-condor-werkzeug-vokietija","10":"first","11":"instock","12":"purchasable","13":"product-type-simple"},"jetpack_sharing_enabled":true,"_links":{"self":[{"href":"https:\/\/irankiuzona.lt\/ru\/wp-json\/wp\/v2\/product\/226854","targetHints":{"allow":["GET"]}}],"collection":[{"href":"https:\/\/irankiuzona.lt\/ru\/wp-json\/wp\/v2\/product"}],"about":[{"href":"https:\/\/irankiuzona.lt\/ru\/wp-json\/wp\/v2\/types\/product"}],"replies":[{"embeddable":true,"href":"https:\/\/irankiuzona.lt\/ru\/wp-json\/wp\/v2\/comments?post=226854"}],"version-history":[{"count":1,"href":"https:\/\/irankiuzona.lt\/ru\/wp-json\/wp\/v2\/product\/226854\/revisions"}],"predecessor-version":[{"id":410998,"href":"https:\/\/irankiuzona.lt\/ru\/wp-json\/wp\/v2\/product\/226854\/revisions\/410998"}],"wp:featuredmedia":[{"embeddable":true,"href":"https:\/\/irankiuzona.lt\/ru\/wp-json\/wp\/v2\/media\/226856"}],"wp:attachment":[{"href":"https:\/\/irankiuzona.lt\/ru\/wp-json\/wp\/v2\/media?parent=226854"}],"wp:term":[{"taxonomy":"product_cat","embeddable":true,"href":"https:\/\/irankiuzona.lt\/ru\/wp-json\/wp\/v2\/product_cat?post=226854"},{"taxonomy":"product_tag","embeddable":true,"href":"https:\/\/irankiuzona.lt\/ru\/wp-json\/wp\/v2\/product_tag?post=226854"}],"curies":[{"name":"wp","href":"https:\/\/api.w.org\/{rel}","templated":true}]}}