{"id":226863,"date":"2024-09-29T02:00:43","date_gmt":"2024-09-29T02:00:43","guid":{"rendered":"https:\/\/irankiuzona.lt\/product\/vakuumine-pompa-svirkstas-skysciams-15l\/"},"modified":"2026-05-13T22:33:24","modified_gmt":"2026-05-13T22:33:24","slug":"vakuumine-pompa-svirkstas-skysciams-15l","status":"publish","type":"product","link":"https:\/\/irankiuzona.lt\/ru\/product\/vakuumine-pompa-svirkstas-skysciams-15l\/","title":{"rendered":"Vakuumin\u0117 pompa\/\u0161virk\u0161tas skys\u010diams 1,5L"},"content":{"rendered":"<p>Galima \u012fsigyti rem. komplekt\u0105 (vidines gumas) &#8211; TR30261<\/p>\n<p>suitable for almost all fluids, including petrol, diesel and oil<br \/>\nwith locking mechanism, can also be used for temporary storage of fluids<\/p>","protected":false},"excerpt":{"rendered":"<p>Vakumin\u0117 pompa\/\u0161virk\u0161tas tepalui, dyzelinui, benzinui 1,5L<\/p>","protected":false},"featured_media":226865,"comment_status":"open","ping_status":"closed","template":"","meta":[],"product_cat":[9571],"product_tag":[9462],"class_list":{"0":"post-226863","1":"product","2":"type-product","3":"status-publish","4":"has-post-thumbnail","6":"product_brand-condor-werkzeug-vokietija","7":"product_cat-pompos-alyvai-degalams-sifonai","8":"product_tag-condor-werkzeug-vokietija","10":"first","11":"instock","12":"purchasable","13":"product-type-simple"},"jetpack_sharing_enabled":true,"_links":{"self":[{"href":"https:\/\/irankiuzona.lt\/ru\/wp-json\/wp\/v2\/product\/226863","targetHints":{"allow":["GET"]}}],"collection":[{"href":"https:\/\/irankiuzona.lt\/ru\/wp-json\/wp\/v2\/product"}],"about":[{"href":"https:\/\/irankiuzona.lt\/ru\/wp-json\/wp\/v2\/types\/product"}],"replies":[{"embeddable":true,"href":"https:\/\/irankiuzona.lt\/ru\/wp-json\/wp\/v2\/comments?post=226863"}],"version-history":[{"count":2,"href":"https:\/\/irankiuzona.lt\/ru\/wp-json\/wp\/v2\/product\/226863\/revisions"}],"predecessor-version":[{"id":429121,"href":"https:\/\/irankiuzona.lt\/ru\/wp-json\/wp\/v2\/product\/226863\/revisions\/429121"}],"wp:featuredmedia":[{"embeddable":true,"href":"https:\/\/irankiuzona.lt\/ru\/wp-json\/wp\/v2\/media\/226865"}],"wp:attachment":[{"href":"https:\/\/irankiuzona.lt\/ru\/wp-json\/wp\/v2\/media?parent=226863"}],"wp:term":[{"taxonomy":"product_cat","embeddable":true,"href":"https:\/\/irankiuzona.lt\/ru\/wp-json\/wp\/v2\/product_cat?post=226863"},{"taxonomy":"product_tag","embeddable":true,"href":"https:\/\/irankiuzona.lt\/ru\/wp-json\/wp\/v2\/product_tag?post=226863"}],"curies":[{"name":"wp","href":"https:\/\/api.w.org\/{rel}","templated":true}]}}