{"id":226875,"date":"2024-09-29T02:00:44","date_gmt":"2024-09-29T02:00:44","guid":{"rendered":"https:\/\/irankiuzona.lt\/product\/3-kampiu-galvuciu-k-tas-1-2-cv-m5-m12-vag-audi-vw-skoda-seat\/"},"modified":"2026-04-11T08:19:52","modified_gmt":"2026-04-11T08:19:52","slug":"3-kampiu-galvuciu-k-tas-1-2-cv-m5-m12-vag-audi-vw-skoda-seat","status":"publish","type":"product","link":"https:\/\/irankiuzona.lt\/ru\/product\/3-kampiu-galvuciu-k-tas-1-2-cv-m5-m12-vag-audi-vw-skoda-seat\/","title":{"rendered":"3-kampi\u0173 galvu\u010di\u0173 k-tas 1\/2&quot; CV M5-M12 (VAG\/ Audi, VW, \u0160koda, Seat)"},"content":{"rendered":"<p>Bosch dyzeliniams purk\u0161tukams  M5, M6, M8, M10, M12 VAG Audi, VW, \u0160koda, Seat<\/p>\n<p>for specialist automotive screw connections<br \/>\nfor Bosch diesel injectors<br \/>\nfor VW TDI-injection pump volume regulators<br \/>\nalso used for control panel constructions<\/p>","protected":false},"excerpt":{"rendered":"<p>3-kampi\u0173 galvu\u010di\u0173 k-tas 1\/2&quot; CV M5-M12 (VAG\/ Audi, VW, \u0160koda, Seat)<\/p>","protected":false},"featured_media":226877,"comment_status":"open","ping_status":"open","template":"","meta":[],"product_cat":[9633],"product_tag":[9462],"class_list":{"0":"post-226875","1":"product","2":"type-product","3":"status-publish","4":"has-post-thumbnail","6":"product_brand-condor-werkzeug-vokietija","7":"product_cat-galvutes-purkstukams","8":"product_tag-condor-werkzeug-vokietija","10":"first","11":"instock","12":"purchasable","13":"product-type-simple"},"jetpack_sharing_enabled":true,"_links":{"self":[{"href":"https:\/\/irankiuzona.lt\/ru\/wp-json\/wp\/v2\/product\/226875","targetHints":{"allow":["GET"]}}],"collection":[{"href":"https:\/\/irankiuzona.lt\/ru\/wp-json\/wp\/v2\/product"}],"about":[{"href":"https:\/\/irankiuzona.lt\/ru\/wp-json\/wp\/v2\/types\/product"}],"replies":[{"embeddable":true,"href":"https:\/\/irankiuzona.lt\/ru\/wp-json\/wp\/v2\/comments?post=226875"}],"version-history":[{"count":1,"href":"https:\/\/irankiuzona.lt\/ru\/wp-json\/wp\/v2\/product\/226875\/revisions"}],"predecessor-version":[{"id":411005,"href":"https:\/\/irankiuzona.lt\/ru\/wp-json\/wp\/v2\/product\/226875\/revisions\/411005"}],"wp:featuredmedia":[{"embeddable":true,"href":"https:\/\/irankiuzona.lt\/ru\/wp-json\/wp\/v2\/media\/226877"}],"wp:attachment":[{"href":"https:\/\/irankiuzona.lt\/ru\/wp-json\/wp\/v2\/media?parent=226875"}],"wp:term":[{"taxonomy":"product_cat","embeddable":true,"href":"https:\/\/irankiuzona.lt\/ru\/wp-json\/wp\/v2\/product_cat?post=226875"},{"taxonomy":"product_tag","embeddable":true,"href":"https:\/\/irankiuzona.lt\/ru\/wp-json\/wp\/v2\/product_tag?post=226875"}],"curies":[{"name":"wp","href":"https:\/\/api.w.org\/{rel}","templated":true}]}}