{"id":226881,"date":"2024-09-29T02:00:44","date_gmt":"2024-09-29T02:00:44","guid":{"rendered":"https:\/\/irankiuzona.lt\/product\/galvute-dyzelino-ipurskimo-siurbliui-mercedes\/"},"modified":"2026-04-16T15:15:38","modified_gmt":"2026-04-16T15:15:38","slug":"galvute-dyzelino-ipurskimo-siurbliui-mercedes","status":"publish","type":"product","link":"https:\/\/irankiuzona.lt\/ru\/product\/galvute-dyzelino-ipurskimo-siurbliui-mercedes\/","title":{"rendered":"Galvut\u0117 dyzelino \u012fpur\u0161kimo siurbliui MERCEDES"},"content":{"rendered":"<p>33 dantysMERCEDES MB601, MB602, MB603, MB605, MB606, MB615, MB616, MB617\u00a0for assembly and disassembly of the injector pumpsuitable for the following Mercedes-Benz engines:OM 601 2.0L \/ 2.2L \/ 2.3LOM 602 2.5L \/ 2.9LOM 603 3.0L \/ 3.5LOM 605 2.5LOM 606 3.0LOM 615 2.0L \/ 2.2LOM 616 2.4LOM 617 3.0L<\/p>","protected":false},"excerpt":{"rendered":"<p>Galvut\u0117 dyzelino \u012fpur\u0161kimo siurbliui MERCEDES<\/p>","protected":false},"featured_media":226883,"comment_status":"open","ping_status":"open","template":"","meta":[],"product_cat":[9825],"product_tag":[9462],"class_list":{"0":"post-226881","1":"product","2":"type-product","3":"status-publish","4":"has-post-thumbnail","6":"product_brand-condor-werkzeug-vokietija","7":"product_cat-irankiai-kuro-siurbliui","8":"product_tag-condor-werkzeug-vokietija","10":"first","11":"instock","12":"purchasable","13":"product-type-simple"},"jetpack_sharing_enabled":true,"_links":{"self":[{"href":"https:\/\/irankiuzona.lt\/ru\/wp-json\/wp\/v2\/product\/226881","targetHints":{"allow":["GET"]}}],"collection":[{"href":"https:\/\/irankiuzona.lt\/ru\/wp-json\/wp\/v2\/product"}],"about":[{"href":"https:\/\/irankiuzona.lt\/ru\/wp-json\/wp\/v2\/types\/product"}],"replies":[{"embeddable":true,"href":"https:\/\/irankiuzona.lt\/ru\/wp-json\/wp\/v2\/comments?post=226881"}],"version-history":[{"count":1,"href":"https:\/\/irankiuzona.lt\/ru\/wp-json\/wp\/v2\/product\/226881\/revisions"}],"predecessor-version":[{"id":411007,"href":"https:\/\/irankiuzona.lt\/ru\/wp-json\/wp\/v2\/product\/226881\/revisions\/411007"}],"wp:featuredmedia":[{"embeddable":true,"href":"https:\/\/irankiuzona.lt\/ru\/wp-json\/wp\/v2\/media\/226883"}],"wp:attachment":[{"href":"https:\/\/irankiuzona.lt\/ru\/wp-json\/wp\/v2\/media?parent=226881"}],"wp:term":[{"taxonomy":"product_cat","embeddable":true,"href":"https:\/\/irankiuzona.lt\/ru\/wp-json\/wp\/v2\/product_cat?post=226881"},{"taxonomy":"product_tag","embeddable":true,"href":"https:\/\/irankiuzona.lt\/ru\/wp-json\/wp\/v2\/product_tag?post=226881"}],"curies":[{"name":"wp","href":"https:\/\/api.w.org\/{rel}","templated":true}]}}