{"id":226898,"date":"2024-09-29T02:00:46","date_gmt":"2024-09-29T02:00:46","guid":{"rendered":"https:\/\/irankiuzona.lt\/product\/reples-zirkles-metalo-lakstams-iki-1-6mm\/"},"modified":"2025-05-26T01:01:03","modified_gmt":"2025-05-26T01:01:03","slug":"reples-zirkles-metalo-lakstams-iki-1-6mm","status":"publish","type":"product","link":"https:\/\/irankiuzona.lt\/ru\/product\/reples-zirkles-metalo-lakstams-iki-1-6mm\/","title":{"rendered":"Repl\u0117s-\u017eirkl\u0117s metalo lak\u0161tams \/ iki 1.6mm"},"content":{"rendered":"<p>Sheet Metal Cutter \/ max. metal thickness 1.6 mm<\/p>\n<p>for cutting sheet metal<br \/>\nideal for car body jobs and oldtimer restoring<br \/>\nalso suitable for curved cutting<br \/>\nhigh lever transmission for convenient operation<br \/>\ncan be operated stationarily with vice<\/p>","protected":false},"excerpt":{"rendered":"<p>Repl\u0117s-\u017eirkl\u0117s metalo lak\u0161tams \/ iki 1.6mm<\/p>","protected":false},"featured_media":226900,"comment_status":"open","ping_status":"open","template":"","meta":[],"product_cat":[9671],"product_tag":[9462],"class_list":{"0":"post-226898","1":"product","2":"type-product","3":"status-publish","4":"has-post-thumbnail","6":"product_brand-condor-werkzeug-vokietija","7":"product_cat-tampymo-lankstymo-prietaisai","8":"product_tag-condor-werkzeug-vokietija","10":"first","11":"outofstock","12":"purchasable","13":"product-type-simple"},"jetpack_sharing_enabled":true,"_links":{"self":[{"href":"https:\/\/irankiuzona.lt\/ru\/wp-json\/wp\/v2\/product\/226898","targetHints":{"allow":["GET"]}}],"collection":[{"href":"https:\/\/irankiuzona.lt\/ru\/wp-json\/wp\/v2\/product"}],"about":[{"href":"https:\/\/irankiuzona.lt\/ru\/wp-json\/wp\/v2\/types\/product"}],"replies":[{"embeddable":true,"href":"https:\/\/irankiuzona.lt\/ru\/wp-json\/wp\/v2\/comments?post=226898"}],"version-history":[{"count":0,"href":"https:\/\/irankiuzona.lt\/ru\/wp-json\/wp\/v2\/product\/226898\/revisions"}],"wp:featuredmedia":[{"embeddable":true,"href":"https:\/\/irankiuzona.lt\/ru\/wp-json\/wp\/v2\/media\/226900"}],"wp:attachment":[{"href":"https:\/\/irankiuzona.lt\/ru\/wp-json\/wp\/v2\/media?parent=226898"}],"wp:term":[{"taxonomy":"product_cat","embeddable":true,"href":"https:\/\/irankiuzona.lt\/ru\/wp-json\/wp\/v2\/product_cat?post=226898"},{"taxonomy":"product_tag","embeddable":true,"href":"https:\/\/irankiuzona.lt\/ru\/wp-json\/wp\/v2\/product_tag?post=226898"}],"curies":[{"name":"wp","href":"https:\/\/api.w.org\/{rel}","templated":true}]}}