{"id":226916,"date":"2024-09-29T02:00:48","date_gmt":"2024-09-29T02:00:48","guid":{"rendered":"https:\/\/irankiuzona.lt\/product\/veleno-fiksatorius-vag-2-6-2-8\/"},"modified":"2026-05-14T04:30:59","modified_gmt":"2026-05-14T04:30:59","slug":"veleno-fiksatorius-vag-2-6-2-8","status":"publish","type":"product","link":"https:\/\/irankiuzona.lt\/ru\/product\/veleno-fiksatorius-vag-2-6-2-8\/","title":{"rendered":"Veleno fiksatorius VAG 2.6\/2.8"},"content":{"rendered":"<p>Audi v6 2.6 ir 2.8 varikliamsTinka Audi modeliams: A4; A6; A8; 80; 100; coupe ir cabriolet Su fiksavimo kilpa<br \/>\nVariklio kodai: AAH, ABC, ACZ, AEJ, AFC, AFMOEM kodas: 3243<\/p>","protected":false},"excerpt":{"rendered":"<p>Velen\u0117li\u0173 blokavimo \u012frankis audi 2.6 ir 2.8 v6 varikliams<\/p>","protected":false},"featured_media":226918,"comment_status":"open","ping_status":"open","template":"","meta":[],"product_cat":[9543],"product_tag":[9462],"class_list":{"0":"post-226916","1":"product","2":"type-product","3":"status-publish","4":"has-post-thumbnail","6":"product_brand-condor-werkzeug-vokietija","7":"product_cat-vag-vw-skoda-blokatoriai","8":"product_tag-condor-werkzeug-vokietija","10":"first","11":"instock","12":"purchasable","13":"product-type-simple"},"jetpack_sharing_enabled":true,"_links":{"self":[{"href":"https:\/\/irankiuzona.lt\/ru\/wp-json\/wp\/v2\/product\/226916","targetHints":{"allow":["GET"]}}],"collection":[{"href":"https:\/\/irankiuzona.lt\/ru\/wp-json\/wp\/v2\/product"}],"about":[{"href":"https:\/\/irankiuzona.lt\/ru\/wp-json\/wp\/v2\/types\/product"}],"replies":[{"embeddable":true,"href":"https:\/\/irankiuzona.lt\/ru\/wp-json\/wp\/v2\/comments?post=226916"}],"version-history":[{"count":1,"href":"https:\/\/irankiuzona.lt\/ru\/wp-json\/wp\/v2\/product\/226916\/revisions"}],"predecessor-version":[{"id":411017,"href":"https:\/\/irankiuzona.lt\/ru\/wp-json\/wp\/v2\/product\/226916\/revisions\/411017"}],"wp:featuredmedia":[{"embeddable":true,"href":"https:\/\/irankiuzona.lt\/ru\/wp-json\/wp\/v2\/media\/226918"}],"wp:attachment":[{"href":"https:\/\/irankiuzona.lt\/ru\/wp-json\/wp\/v2\/media?parent=226916"}],"wp:term":[{"taxonomy":"product_cat","embeddable":true,"href":"https:\/\/irankiuzona.lt\/ru\/wp-json\/wp\/v2\/product_cat?post=226916"},{"taxonomy":"product_tag","embeddable":true,"href":"https:\/\/irankiuzona.lt\/ru\/wp-json\/wp\/v2\/product_tag?post=226916"}],"curies":[{"name":"wp","href":"https:\/\/api.w.org\/{rel}","templated":true}]}}