{"id":226933,"date":"2024-09-29T02:00:50","date_gmt":"2024-09-29T02:00:50","guid":{"rendered":"https:\/\/irankiuzona.lt\/product\/graztas-suvirinimo-taskams-8mm-hss-co5-ticn\/"},"modified":"2026-04-20T16:48:13","modified_gmt":"2026-04-20T16:48:13","slug":"graztas-suvirinimo-taskams-8mm-hss-co5-ticn","status":"publish","type":"product","link":"https:\/\/irankiuzona.lt\/ru\/product\/graztas-suvirinimo-taskams-8mm-hss-co5-ticn\/","title":{"rendered":"Gra\u017etas suvirinimo ta\u0161kams 8mm HSS Co5 TiCN"},"content":{"rendered":"<p>\u00d8 8 mm Ilgis 79mm Med\u017eiaga &#8211; HSS Co5 TiCN<\/p>","protected":false},"excerpt":{"rendered":"<p>Gra\u017etas suvirinimo ta\u0161kams 8mm HSS Co5 TiCN<\/p>","protected":false},"featured_media":226935,"comment_status":"open","ping_status":"open","template":"","meta":[],"product_cat":[9602],"product_tag":[9462],"class_list":{"0":"post-226933","1":"product","2":"type-product","3":"status-publish","4":"has-post-thumbnail","6":"product_brand-condor-werkzeug-vokietija","7":"product_cat-graztai-suvirinimo-taskams","8":"product_tag-condor-werkzeug-vokietija","10":"first","11":"instock","12":"purchasable","13":"product-type-simple"},"jetpack_sharing_enabled":true,"_links":{"self":[{"href":"https:\/\/irankiuzona.lt\/ru\/wp-json\/wp\/v2\/product\/226933","targetHints":{"allow":["GET"]}}],"collection":[{"href":"https:\/\/irankiuzona.lt\/ru\/wp-json\/wp\/v2\/product"}],"about":[{"href":"https:\/\/irankiuzona.lt\/ru\/wp-json\/wp\/v2\/types\/product"}],"replies":[{"embeddable":true,"href":"https:\/\/irankiuzona.lt\/ru\/wp-json\/wp\/v2\/comments?post=226933"}],"version-history":[{"count":1,"href":"https:\/\/irankiuzona.lt\/ru\/wp-json\/wp\/v2\/product\/226933\/revisions"}],"predecessor-version":[{"id":411023,"href":"https:\/\/irankiuzona.lt\/ru\/wp-json\/wp\/v2\/product\/226933\/revisions\/411023"}],"wp:featuredmedia":[{"embeddable":true,"href":"https:\/\/irankiuzona.lt\/ru\/wp-json\/wp\/v2\/media\/226935"}],"wp:attachment":[{"href":"https:\/\/irankiuzona.lt\/ru\/wp-json\/wp\/v2\/media?parent=226933"}],"wp:term":[{"taxonomy":"product_cat","embeddable":true,"href":"https:\/\/irankiuzona.lt\/ru\/wp-json\/wp\/v2\/product_cat?post=226933"},{"taxonomy":"product_tag","embeddable":true,"href":"https:\/\/irankiuzona.lt\/ru\/wp-json\/wp\/v2\/product_tag?post=226933"}],"curies":[{"name":"wp","href":"https:\/\/api.w.org\/{rel}","templated":true}]}}