{"id":226956,"date":"2024-09-29T02:00:53","date_gmt":"2024-09-29T02:00:53","guid":{"rendered":"https:\/\/irankiuzona.lt\/product\/ziedlapinis-slifavimo-sepetys-80406-p40\/"},"modified":"2025-05-27T07:05:47","modified_gmt":"2025-05-27T07:05:47","slug":"ziedlapinis-slifavimo-sepetys-80406-p40","status":"publish","type":"product","link":"https:\/\/irankiuzona.lt\/ru\/product\/ziedlapinis-slifavimo-sepetys-80406-p40\/","title":{"rendered":"\u017diedlapinis \u0161lifavimo \u0161epetys 80*40*6 , P40"},"content":{"rendered":"<p>Matmenys: 80 x 40\u00a0mm<br \/>\nGr\u016bd\u0117tumas: 40<br \/>\nKotelio skermuo: 6\u00a0mm<\/p>","protected":false},"excerpt":{"rendered":"<p>\u017diedlapinis \u0161lifavimo antgalis 80*40*6, P40<\/p>","protected":false},"featured_media":226958,"comment_status":"open","ping_status":"open","template":"","meta":[],"product_cat":[9450],"product_tag":[9628],"class_list":{"0":"post-226956","1":"product","2":"type-product","3":"status-publish","4":"has-post-thumbnail","6":"product_brand-condor-lenkija","7":"product_cat-sepeciai-greztuvui-slif-pj-irankiui","8":"product_tag-condor-lenkija","10":"first","11":"outofstock","12":"purchasable","13":"product-type-simple"},"jetpack_sharing_enabled":true,"_links":{"self":[{"href":"https:\/\/irankiuzona.lt\/ru\/wp-json\/wp\/v2\/product\/226956","targetHints":{"allow":["GET"]}}],"collection":[{"href":"https:\/\/irankiuzona.lt\/ru\/wp-json\/wp\/v2\/product"}],"about":[{"href":"https:\/\/irankiuzona.lt\/ru\/wp-json\/wp\/v2\/types\/product"}],"replies":[{"embeddable":true,"href":"https:\/\/irankiuzona.lt\/ru\/wp-json\/wp\/v2\/comments?post=226956"}],"version-history":[{"count":0,"href":"https:\/\/irankiuzona.lt\/ru\/wp-json\/wp\/v2\/product\/226956\/revisions"}],"wp:featuredmedia":[{"embeddable":true,"href":"https:\/\/irankiuzona.lt\/ru\/wp-json\/wp\/v2\/media\/226958"}],"wp:attachment":[{"href":"https:\/\/irankiuzona.lt\/ru\/wp-json\/wp\/v2\/media?parent=226956"}],"wp:term":[{"taxonomy":"product_cat","embeddable":true,"href":"https:\/\/irankiuzona.lt\/ru\/wp-json\/wp\/v2\/product_cat?post=226956"},{"taxonomy":"product_tag","embeddable":true,"href":"https:\/\/irankiuzona.lt\/ru\/wp-json\/wp\/v2\/product_tag?post=226956"}],"curies":[{"name":"wp","href":"https:\/\/api.w.org\/{rel}","templated":true}]}}