{"id":226980,"date":"2024-09-29T02:00:56","date_gmt":"2024-09-29T02:00:56","guid":{"rendered":"https:\/\/irankiuzona.lt\/product\/graztas-konfirmatams-7mm-10mm\/"},"modified":"2026-04-15T02:00:36","modified_gmt":"2026-04-15T02:00:36","slug":"graztas-konfirmatams-7mm-10mm","status":"publish","type":"product","link":"https:\/\/irankiuzona.lt\/ru\/product\/graztas-konfirmatams-7mm-10mm\/","title":{"rendered":"Gr\u0105\u017etas konfirmatams 7mm\/10mm"},"content":{"rendered":"<p>Bendras ilgis: 75 mmTvirtinimas: 12 mm<\/p>","protected":false},"excerpt":{"rendered":"<p>Konfirmatori\u0173 gr\u0105\u017etas 7mm\/10mm<\/p>","protected":false},"featured_media":226982,"comment_status":"open","ping_status":"open","template":"","meta":[],"product_cat":[9844],"product_tag":[9628],"class_list":{"0":"post-226980","1":"product","2":"type-product","3":"status-publish","4":"has-post-thumbnail","6":"product_brand-condor-lenkija","7":"product_cat-graztai-komfirmatams","8":"product_tag-condor-lenkija","10":"first","11":"outofstock","12":"purchasable","13":"product-type-simple"},"jetpack_sharing_enabled":true,"_links":{"self":[{"href":"https:\/\/irankiuzona.lt\/ru\/wp-json\/wp\/v2\/product\/226980","targetHints":{"allow":["GET"]}}],"collection":[{"href":"https:\/\/irankiuzona.lt\/ru\/wp-json\/wp\/v2\/product"}],"about":[{"href":"https:\/\/irankiuzona.lt\/ru\/wp-json\/wp\/v2\/types\/product"}],"replies":[{"embeddable":true,"href":"https:\/\/irankiuzona.lt\/ru\/wp-json\/wp\/v2\/comments?post=226980"}],"version-history":[{"count":1,"href":"https:\/\/irankiuzona.lt\/ru\/wp-json\/wp\/v2\/product\/226980\/revisions"}],"predecessor-version":[{"id":411034,"href":"https:\/\/irankiuzona.lt\/ru\/wp-json\/wp\/v2\/product\/226980\/revisions\/411034"}],"wp:featuredmedia":[{"embeddable":true,"href":"https:\/\/irankiuzona.lt\/ru\/wp-json\/wp\/v2\/media\/226982"}],"wp:attachment":[{"href":"https:\/\/irankiuzona.lt\/ru\/wp-json\/wp\/v2\/media?parent=226980"}],"wp:term":[{"taxonomy":"product_cat","embeddable":true,"href":"https:\/\/irankiuzona.lt\/ru\/wp-json\/wp\/v2\/product_cat?post=226980"},{"taxonomy":"product_tag","embeddable":true,"href":"https:\/\/irankiuzona.lt\/ru\/wp-json\/wp\/v2\/product_tag?post=226980"}],"curies":[{"name":"wp","href":"https:\/\/api.w.org\/{rel}","templated":true}]}}