{"id":226983,"date":"2024-09-29T02:00:56","date_gmt":"2024-09-29T02:00:56","guid":{"rendered":"https:\/\/irankiuzona.lt\/product\/graztas-metalui-06-mm-din338\/"},"modified":"2026-04-15T03:54:31","modified_gmt":"2026-04-15T03:54:31","slug":"graztas-metalui-06-mm-din338","status":"publish","type":"product","link":"https:\/\/irankiuzona.lt\/ru\/product\/graztas-metalui-06-mm-din338\/","title":{"rendered":"Gr\u0105\u017etas metalui 0,6 mm DIN338"},"content":{"rendered":"<p>Gr\u0105\u017eto skersmuo 0,6 mm<br \/>\n1 vnt.<\/p>","protected":false},"excerpt":{"rendered":"<p>Metalo gr\u0105\u017etas <\/p>\n<p>0,6 mm DIN338<\/p>","protected":false},"featured_media":226985,"comment_status":"open","ping_status":"open","template":"","meta":[],"product_cat":[9712],"product_tag":[9646],"class_list":{"0":"post-226983","1":"product","2":"type-product","3":"status-publish","4":"has-post-thumbnail","6":"product_brand-drel-lenkija","7":"product_cat-graztai-metalui-hss-din338","8":"product_tag-drel-lenkija","10":"first","11":"instock","12":"purchasable","13":"product-type-simple"},"jetpack_sharing_enabled":true,"_links":{"self":[{"href":"https:\/\/irankiuzona.lt\/ru\/wp-json\/wp\/v2\/product\/226983","targetHints":{"allow":["GET"]}}],"collection":[{"href":"https:\/\/irankiuzona.lt\/ru\/wp-json\/wp\/v2\/product"}],"about":[{"href":"https:\/\/irankiuzona.lt\/ru\/wp-json\/wp\/v2\/types\/product"}],"replies":[{"embeddable":true,"href":"https:\/\/irankiuzona.lt\/ru\/wp-json\/wp\/v2\/comments?post=226983"}],"version-history":[{"count":1,"href":"https:\/\/irankiuzona.lt\/ru\/wp-json\/wp\/v2\/product\/226983\/revisions"}],"predecessor-version":[{"id":411035,"href":"https:\/\/irankiuzona.lt\/ru\/wp-json\/wp\/v2\/product\/226983\/revisions\/411035"}],"wp:featuredmedia":[{"embeddable":true,"href":"https:\/\/irankiuzona.lt\/ru\/wp-json\/wp\/v2\/media\/226985"}],"wp:attachment":[{"href":"https:\/\/irankiuzona.lt\/ru\/wp-json\/wp\/v2\/media?parent=226983"}],"wp:term":[{"taxonomy":"product_cat","embeddable":true,"href":"https:\/\/irankiuzona.lt\/ru\/wp-json\/wp\/v2\/product_cat?post=226983"},{"taxonomy":"product_tag","embeddable":true,"href":"https:\/\/irankiuzona.lt\/ru\/wp-json\/wp\/v2\/product_tag?post=226983"}],"curies":[{"name":"wp","href":"https:\/\/api.w.org\/{rel}","templated":true}]}}