{"id":227016,"date":"2024-09-29T02:00:59","date_gmt":"2024-09-29T02:00:59","guid":{"rendered":"https:\/\/irankiuzona.lt\/product\/kairiniu-graztu-k-tas-metalui-hss-3-4-5-6-7mm\/"},"modified":"2026-04-13T14:10:56","modified_gmt":"2026-04-13T14:10:56","slug":"kairiniu-graztu-k-tas-metalui-hss-3-4-5-6-7mm","status":"publish","type":"product","link":"https:\/\/irankiuzona.lt\/ru\/product\/kairiniu-graztu-k-tas-metalui-hss-3-4-5-6-7mm\/","title":{"rendered":"Kairini\u0173 gr\u0105\u017et\u0173 k-tas metalui HSS 3-4-5-6-7mm"},"content":{"rendered":"<p>HSS 3, 4, 5, 6, 7 mm<\/p>","protected":false},"excerpt":{"rendered":"<p>Kairini\u0173 gr\u0105\u017et\u0173 k-tas metalui HSS 3-4-5-6-7mm \u00a0<\/p>","protected":false},"featured_media":227018,"comment_status":"open","ping_status":"open","template":"","meta":[],"product_cat":[9557],"product_tag":[9462],"class_list":{"0":"post-227016","1":"product","2":"type-product","3":"status-publish","4":"has-post-thumbnail","6":"product_brand-condor-werkzeug-vokietija","7":"product_cat-nulauztu-varztu-issukimo-irankiai","8":"product_tag-condor-werkzeug-vokietija","10":"first","11":"instock","12":"purchasable","13":"product-type-simple"},"jetpack_sharing_enabled":true,"_links":{"self":[{"href":"https:\/\/irankiuzona.lt\/ru\/wp-json\/wp\/v2\/product\/227016","targetHints":{"allow":["GET"]}}],"collection":[{"href":"https:\/\/irankiuzona.lt\/ru\/wp-json\/wp\/v2\/product"}],"about":[{"href":"https:\/\/irankiuzona.lt\/ru\/wp-json\/wp\/v2\/types\/product"}],"replies":[{"embeddable":true,"href":"https:\/\/irankiuzona.lt\/ru\/wp-json\/wp\/v2\/comments?post=227016"}],"version-history":[{"count":1,"href":"https:\/\/irankiuzona.lt\/ru\/wp-json\/wp\/v2\/product\/227016\/revisions"}],"predecessor-version":[{"id":411046,"href":"https:\/\/irankiuzona.lt\/ru\/wp-json\/wp\/v2\/product\/227016\/revisions\/411046"}],"wp:featuredmedia":[{"embeddable":true,"href":"https:\/\/irankiuzona.lt\/ru\/wp-json\/wp\/v2\/media\/227018"}],"wp:attachment":[{"href":"https:\/\/irankiuzona.lt\/ru\/wp-json\/wp\/v2\/media?parent=227016"}],"wp:term":[{"taxonomy":"product_cat","embeddable":true,"href":"https:\/\/irankiuzona.lt\/ru\/wp-json\/wp\/v2\/product_cat?post=227016"},{"taxonomy":"product_tag","embeddable":true,"href":"https:\/\/irankiuzona.lt\/ru\/wp-json\/wp\/v2\/product_tag?post=227016"}],"curies":[{"name":"wp","href":"https:\/\/api.w.org\/{rel}","templated":true}]}}