{"id":227046,"date":"2024-09-29T02:01:02","date_gmt":"2024-09-29T02:01:02","guid":{"rendered":"https:\/\/irankiuzona.lt\/product\/freza-pirstukine-medziui-1212388-mm\/"},"modified":"2026-05-10T05:47:12","modified_gmt":"2026-05-10T05:47:12","slug":"freza-pirstukine-medziui-1212388-mm","status":"publish","type":"product","link":"https:\/\/irankiuzona.lt\/ru\/product\/freza-pirstukine-medziui-1212388-mm\/","title":{"rendered":"Freza pir\u0161tukin\u0117 med\u017eiui 12*12*38*8 mm"},"content":{"rendered":"<p>Kotelio skersmuo 8 mm<br \/>\nFrezos skersmuo 12 mm<br \/>\nFrezos darbinis ilgis 12 mm<br \/>\nFrezos bendras ilgis 38 mm<\/p>\n<p>\u00a02 flute bit for light grooving, ideal for hinges positionning.<\/p>","protected":false},"excerpt":{"rendered":"<p>Med\u017eio pir\u0161tukin\u0117 freza\u00a012*12*38*8 mm\u00a0\u00a0<\/p>","protected":false},"featured_media":227048,"comment_status":"open","ping_status":"open","template":"","meta":[],"product_cat":[9458],"product_tag":[9478],"class_list":{"0":"post-227046","1":"product","2":"type-product","3":"status-publish","4":"has-post-thumbnail","6":"product_brand-leman-prancuzija","7":"product_cat-medzio-frezos","8":"product_tag-leman-prancuzija","10":"first","11":"instock","12":"purchasable","13":"product-type-simple"},"jetpack_sharing_enabled":true,"_links":{"self":[{"href":"https:\/\/irankiuzona.lt\/ru\/wp-json\/wp\/v2\/product\/227046","targetHints":{"allow":["GET"]}}],"collection":[{"href":"https:\/\/irankiuzona.lt\/ru\/wp-json\/wp\/v2\/product"}],"about":[{"href":"https:\/\/irankiuzona.lt\/ru\/wp-json\/wp\/v2\/types\/product"}],"replies":[{"embeddable":true,"href":"https:\/\/irankiuzona.lt\/ru\/wp-json\/wp\/v2\/comments?post=227046"}],"version-history":[{"count":1,"href":"https:\/\/irankiuzona.lt\/ru\/wp-json\/wp\/v2\/product\/227046\/revisions"}],"predecessor-version":[{"id":411056,"href":"https:\/\/irankiuzona.lt\/ru\/wp-json\/wp\/v2\/product\/227046\/revisions\/411056"}],"wp:featuredmedia":[{"embeddable":true,"href":"https:\/\/irankiuzona.lt\/ru\/wp-json\/wp\/v2\/media\/227048"}],"wp:attachment":[{"href":"https:\/\/irankiuzona.lt\/ru\/wp-json\/wp\/v2\/media?parent=227046"}],"wp:term":[{"taxonomy":"product_cat","embeddable":true,"href":"https:\/\/irankiuzona.lt\/ru\/wp-json\/wp\/v2\/product_cat?post=227046"},{"taxonomy":"product_tag","embeddable":true,"href":"https:\/\/irankiuzona.lt\/ru\/wp-json\/wp\/v2\/product_tag?post=227046"}],"curies":[{"name":"wp","href":"https:\/\/api.w.org\/{rel}","templated":true}]}}