{"id":227082,"date":"2024-09-29T02:10:06","date_gmt":"2024-09-29T02:10:06","guid":{"rendered":"https:\/\/irankiuzona.lt\/product\/grezimo-karuna-o-127-mm-bi-metal\/"},"modified":"2026-05-10T06:51:49","modified_gmt":"2026-05-10T06:51:49","slug":"grezimo-karuna-o-127-mm-bi-metal","status":"publish","type":"product","link":"https:\/\/irankiuzona.lt\/ru\/product\/grezimo-karuna-o-127-mm-bi-metal\/","title":{"rendered":"Gr\u0119\u017eimo kar\u016bna \u00d8 127 mm \/ Bi-metal"},"content":{"rendered":"<p>Diametras &#8211;\u00a0\u00d8\u00a0127 mm\u00a0 Gylis &#8211; 38 mm<\/p>\n<p>\u2022\u00a0Steel, aluminum, copper, brass, plastic, wood, plasterboard \u2022 Sheet metal machined fond thick teeth with variable and positive rake angle. \u2022 38 mm.HSS Bi-metal cutting depth.<\/p>","protected":false},"excerpt":{"rendered":"<p>Gr\u0119\u017eimo kar\u016bna\u00a0\u00d8\u00a0127 mm \/ bimetalin\u0117 \/ gr\u0105\u017etas 127 mm metalui\u00a0<\/p>","protected":false},"featured_media":227084,"comment_status":"open","ping_status":"open","template":"","meta":[],"product_cat":[9710],"product_tag":[9478],"class_list":{"0":"post-227082","1":"product","2":"type-product","3":"status-publish","4":"has-post-thumbnail","6":"product_brand-leman-prancuzija","7":"product_cat-grezimo-karunos-metalui-medziui","8":"product_tag-leman-prancuzija","10":"first","11":"outofstock","12":"purchasable","13":"product-type-simple"},"jetpack_sharing_enabled":true,"_links":{"self":[{"href":"https:\/\/irankiuzona.lt\/ru\/wp-json\/wp\/v2\/product\/227082","targetHints":{"allow":["GET"]}}],"collection":[{"href":"https:\/\/irankiuzona.lt\/ru\/wp-json\/wp\/v2\/product"}],"about":[{"href":"https:\/\/irankiuzona.lt\/ru\/wp-json\/wp\/v2\/types\/product"}],"replies":[{"embeddable":true,"href":"https:\/\/irankiuzona.lt\/ru\/wp-json\/wp\/v2\/comments?post=227082"}],"version-history":[{"count":1,"href":"https:\/\/irankiuzona.lt\/ru\/wp-json\/wp\/v2\/product\/227082\/revisions"}],"predecessor-version":[{"id":411067,"href":"https:\/\/irankiuzona.lt\/ru\/wp-json\/wp\/v2\/product\/227082\/revisions\/411067"}],"wp:featuredmedia":[{"embeddable":true,"href":"https:\/\/irankiuzona.lt\/ru\/wp-json\/wp\/v2\/media\/227084"}],"wp:attachment":[{"href":"https:\/\/irankiuzona.lt\/ru\/wp-json\/wp\/v2\/media?parent=227082"}],"wp:term":[{"taxonomy":"product_cat","embeddable":true,"href":"https:\/\/irankiuzona.lt\/ru\/wp-json\/wp\/v2\/product_cat?post=227082"},{"taxonomy":"product_tag","embeddable":true,"href":"https:\/\/irankiuzona.lt\/ru\/wp-json\/wp\/v2\/product_tag?post=227082"}],"curies":[{"name":"wp","href":"https:\/\/api.w.org\/{rel}","templated":true}]}}