{"id":227168,"date":"2024-09-29T02:10:15","date_gmt":"2024-09-29T02:10:15","guid":{"rendered":"https:\/\/irankiuzona.lt\/product\/valytuvu-akumuliatoriaus-gnybtu-nuemejas-profi\/"},"modified":"2026-05-10T05:06:12","modified_gmt":"2026-05-10T05:06:12","slug":"valytuvu-akumuliatoriaus-gnybtu-nuemejas-profi","status":"publish","type":"product","link":"https:\/\/irankiuzona.lt\/ru\/product\/valytuvu-akumuliatoriaus-gnybtu-nuemejas-profi\/","title":{"rendered":"Valytuv\u0173, akumuliatoriaus gnybt\u0173 nu\u0117m\u0117jas profi"},"content":{"rendered":"<p>2 poros kei\u010diam\u0173 kojeli\u0173<\/p>","protected":false},"excerpt":{"rendered":"<p>Valytuv\u0173, akumuliatoriaus gnybt\u0173 nu\u0117m\u0117jas profi<\/p>","protected":false},"featured_media":227170,"comment_status":"open","ping_status":"open","template":"","meta":[],"product_cat":[9530],"product_tag":[9462],"class_list":{"0":"post-227168","1":"product","2":"type-product","3":"status-publish","4":"has-post-thumbnail","6":"product_brand-condor-werkzeug-vokietija","7":"product_cat-valytuvu-nuemimui","8":"product_tag-condor-werkzeug-vokietija","10":"first","11":"instock","12":"purchasable","13":"product-type-simple"},"jetpack_sharing_enabled":true,"_links":{"self":[{"href":"https:\/\/irankiuzona.lt\/ru\/wp-json\/wp\/v2\/product\/227168","targetHints":{"allow":["GET"]}}],"collection":[{"href":"https:\/\/irankiuzona.lt\/ru\/wp-json\/wp\/v2\/product"}],"about":[{"href":"https:\/\/irankiuzona.lt\/ru\/wp-json\/wp\/v2\/types\/product"}],"replies":[{"embeddable":true,"href":"https:\/\/irankiuzona.lt\/ru\/wp-json\/wp\/v2\/comments?post=227168"}],"version-history":[{"count":1,"href":"https:\/\/irankiuzona.lt\/ru\/wp-json\/wp\/v2\/product\/227168\/revisions"}],"predecessor-version":[{"id":411093,"href":"https:\/\/irankiuzona.lt\/ru\/wp-json\/wp\/v2\/product\/227168\/revisions\/411093"}],"wp:featuredmedia":[{"embeddable":true,"href":"https:\/\/irankiuzona.lt\/ru\/wp-json\/wp\/v2\/media\/227170"}],"wp:attachment":[{"href":"https:\/\/irankiuzona.lt\/ru\/wp-json\/wp\/v2\/media?parent=227168"}],"wp:term":[{"taxonomy":"product_cat","embeddable":true,"href":"https:\/\/irankiuzona.lt\/ru\/wp-json\/wp\/v2\/product_cat?post=227168"},{"taxonomy":"product_tag","embeddable":true,"href":"https:\/\/irankiuzona.lt\/ru\/wp-json\/wp\/v2\/product_tag?post=227168"}],"curies":[{"name":"wp","href":"https:\/\/api.w.org\/{rel}","templated":true}]}}