{"id":227257,"date":"2024-09-29T02:10:25","date_gmt":"2024-09-29T02:10:25","guid":{"rendered":"https:\/\/irankiuzona.lt\/product\/antgalis-1-2-h1755mm-hex-17\/"},"modified":"2026-05-16T16:42:40","modified_gmt":"2026-05-16T16:42:40","slug":"antgalis-1-2-h1755mm-hex-17","status":"publish","type":"product","link":"https:\/\/irankiuzona.lt\/ru\/product\/antgalis-1-2-h1755mm-hex-17\/","title":{"rendered":"Antgalis 1\/2 H17*55mm \/ HEX-17"},"content":{"rendered":"<p>Dydis &#8211; 17mm (\u0161e\u0161iakampis)Lizdas &#8211; 1\/2Ilgis &#8211; 55mmSocket Bit, 1\/2&quot;, hexagon 17&#215;55 mm<\/p>","protected":false},"excerpt":{"rendered":"<p>\u0160e\u0161iakampis H17 antgalis \u012fpresuotas \u012f 1\/2 galvut\u0119 \/ HEX17 \/ 55mm ilgio<\/p>","protected":false},"featured_media":227259,"comment_status":"open","ping_status":"open","template":"","meta":[],"product_cat":[9620],"product_tag":[9462],"class_list":{"0":"post-227257","1":"product","2":"type-product","3":"status-publish","4":"has-post-thumbnail","6":"product_brand-condor-werkzeug-vokietija","7":"product_cat-1-2-ipresuoti-hex-antgaliai","8":"product_tag-condor-werkzeug-vokietija","10":"first","11":"instock","12":"purchasable","13":"product-type-simple"},"jetpack_sharing_enabled":true,"_links":{"self":[{"href":"https:\/\/irankiuzona.lt\/ru\/wp-json\/wp\/v2\/product\/227257","targetHints":{"allow":["GET"]}}],"collection":[{"href":"https:\/\/irankiuzona.lt\/ru\/wp-json\/wp\/v2\/product"}],"about":[{"href":"https:\/\/irankiuzona.lt\/ru\/wp-json\/wp\/v2\/types\/product"}],"replies":[{"embeddable":true,"href":"https:\/\/irankiuzona.lt\/ru\/wp-json\/wp\/v2\/comments?post=227257"}],"version-history":[{"count":1,"href":"https:\/\/irankiuzona.lt\/ru\/wp-json\/wp\/v2\/product\/227257\/revisions"}],"predecessor-version":[{"id":411124,"href":"https:\/\/irankiuzona.lt\/ru\/wp-json\/wp\/v2\/product\/227257\/revisions\/411124"}],"wp:featuredmedia":[{"embeddable":true,"href":"https:\/\/irankiuzona.lt\/ru\/wp-json\/wp\/v2\/media\/227259"}],"wp:attachment":[{"href":"https:\/\/irankiuzona.lt\/ru\/wp-json\/wp\/v2\/media?parent=227257"}],"wp:term":[{"taxonomy":"product_cat","embeddable":true,"href":"https:\/\/irankiuzona.lt\/ru\/wp-json\/wp\/v2\/product_cat?post=227257"},{"taxonomy":"product_tag","embeddable":true,"href":"https:\/\/irankiuzona.lt\/ru\/wp-json\/wp\/v2\/product_tag?post=227257"}],"curies":[{"name":"wp","href":"https:\/\/api.w.org\/{rel}","templated":true}]}}