{"id":227320,"date":"2024-09-29T02:10:31","date_gmt":"2024-09-29T02:10:31","guid":{"rendered":"https:\/\/irankiuzona.lt\/product\/valytuvu-akumuliatoriaus-gnybtu-nuemejas-extra-stiprus\/"},"modified":"2026-05-09T23:15:07","modified_gmt":"2026-05-09T23:15:07","slug":"valytuvu-akumuliatoriaus-gnybtu-nuemejas-extra-stiprus","status":"publish","type":"product","link":"https:\/\/irankiuzona.lt\/ru\/product\/valytuvu-akumuliatoriaus-gnybtu-nuemejas-extra-stiprus\/","title":{"rendered":"Valytuv\u0173, akumuliatoriaus gnybt\u0173 nu\u0117m\u0117jas extra stiprus"},"content":{"rendered":"<p>Nu\u0117miklis valytuvams extra stiprus<\/p>","protected":false},"excerpt":{"rendered":"<p>Valytuv\u0173, akumuliatoriaus gnybt\u0173 nu\u0117m\u0117jas extra stiprus<\/p>","protected":false},"featured_media":227322,"comment_status":"open","ping_status":"open","template":"","meta":[],"product_cat":[9530],"product_tag":[9778],"class_list":{"0":"post-227320","1":"product","2":"type-product","3":"status-publish","4":"has-post-thumbnail","6":"product_brand-triumf-professional-tools-slovakija","7":"product_cat-valytuvu-nuemimui","8":"product_tag-triumf-professional-tools-slovakija","10":"first","11":"instock","12":"purchasable","13":"product-type-simple"},"jetpack_sharing_enabled":true,"_links":{"self":[{"href":"https:\/\/irankiuzona.lt\/ru\/wp-json\/wp\/v2\/product\/227320","targetHints":{"allow":["GET"]}}],"collection":[{"href":"https:\/\/irankiuzona.lt\/ru\/wp-json\/wp\/v2\/product"}],"about":[{"href":"https:\/\/irankiuzona.lt\/ru\/wp-json\/wp\/v2\/types\/product"}],"replies":[{"embeddable":true,"href":"https:\/\/irankiuzona.lt\/ru\/wp-json\/wp\/v2\/comments?post=227320"}],"version-history":[{"count":1,"href":"https:\/\/irankiuzona.lt\/ru\/wp-json\/wp\/v2\/product\/227320\/revisions"}],"predecessor-version":[{"id":411145,"href":"https:\/\/irankiuzona.lt\/ru\/wp-json\/wp\/v2\/product\/227320\/revisions\/411145"}],"wp:featuredmedia":[{"embeddable":true,"href":"https:\/\/irankiuzona.lt\/ru\/wp-json\/wp\/v2\/media\/227322"}],"wp:attachment":[{"href":"https:\/\/irankiuzona.lt\/ru\/wp-json\/wp\/v2\/media?parent=227320"}],"wp:term":[{"taxonomy":"product_cat","embeddable":true,"href":"https:\/\/irankiuzona.lt\/ru\/wp-json\/wp\/v2\/product_cat?post=227320"},{"taxonomy":"product_tag","embeddable":true,"href":"https:\/\/irankiuzona.lt\/ru\/wp-json\/wp\/v2\/product_tag?post=227320"}],"curies":[{"name":"wp","href":"https:\/\/api.w.org\/{rel}","templated":true}]}}