{"id":227542,"date":"2024-09-29T02:10:54","date_gmt":"2024-09-29T02:10:54","guid":{"rendered":"https:\/\/irankiuzona.lt\/product\/graztas-plytelems-o-4mm\/"},"modified":"2026-04-13T03:18:35","modified_gmt":"2026-04-13T03:18:35","slug":"graztas-plytelems-o-4mm","status":"publish","type":"product","link":"https:\/\/irankiuzona.lt\/ru\/product\/graztas-plytelems-o-4mm\/","title":{"rendered":"Gr\u0105\u017etas plytel\u0117ms \u00d8 4mm"},"content":{"rendered":"<p>Diametras &#8211; \u00d8\u00a04 mmGr\u0119\u017eimo ilgis &#8211; 40 mmBendras gr\u0105\u017eto ilgis &#8211; 75 mm<br \/>\nFloor tile\u2022 positive sharpening carbide plate. Propeller \u00abl\u00bb.<\/p>","protected":false},"excerpt":{"rendered":"<p>Gr\u0105\u017etas plytel\u0117ms \u00d8 4mm \/ porcelianinis<\/p>","protected":false},"featured_media":227544,"comment_status":"open","ping_status":"open","template":"","meta":[],"product_cat":[9775],"product_tag":[9478],"class_list":{"0":"post-227542","1":"product","2":"type-product","3":"status-publish","4":"has-post-thumbnail","6":"product_brand-leman-prancuzija","7":"product_cat-graztai-keramikai-plytelems","8":"product_tag-leman-prancuzija","10":"first","11":"outofstock","12":"purchasable","13":"product-type-simple"},"jetpack_sharing_enabled":true,"_links":{"self":[{"href":"https:\/\/irankiuzona.lt\/ru\/wp-json\/wp\/v2\/product\/227542","targetHints":{"allow":["GET"]}}],"collection":[{"href":"https:\/\/irankiuzona.lt\/ru\/wp-json\/wp\/v2\/product"}],"about":[{"href":"https:\/\/irankiuzona.lt\/ru\/wp-json\/wp\/v2\/types\/product"}],"replies":[{"embeddable":true,"href":"https:\/\/irankiuzona.lt\/ru\/wp-json\/wp\/v2\/comments?post=227542"}],"version-history":[{"count":1,"href":"https:\/\/irankiuzona.lt\/ru\/wp-json\/wp\/v2\/product\/227542\/revisions"}],"predecessor-version":[{"id":411214,"href":"https:\/\/irankiuzona.lt\/ru\/wp-json\/wp\/v2\/product\/227542\/revisions\/411214"}],"wp:featuredmedia":[{"embeddable":true,"href":"https:\/\/irankiuzona.lt\/ru\/wp-json\/wp\/v2\/media\/227544"}],"wp:attachment":[{"href":"https:\/\/irankiuzona.lt\/ru\/wp-json\/wp\/v2\/media?parent=227542"}],"wp:term":[{"taxonomy":"product_cat","embeddable":true,"href":"https:\/\/irankiuzona.lt\/ru\/wp-json\/wp\/v2\/product_cat?post=227542"},{"taxonomy":"product_tag","embeddable":true,"href":"https:\/\/irankiuzona.lt\/ru\/wp-json\/wp\/v2\/product_tag?post=227542"}],"curies":[{"name":"wp","href":"https:\/\/api.w.org\/{rel}","templated":true}]}}