{"id":227554,"date":"2024-09-29T02:10:55","date_gmt":"2024-09-29T02:10:55","guid":{"rendered":"https:\/\/irankiuzona.lt\/product\/graztas-plytelems-o-10mm\/"},"modified":"2026-04-13T03:18:36","modified_gmt":"2026-04-13T03:18:36","slug":"graztas-plytelems-o-10mm","status":"publish","type":"product","link":"https:\/\/irankiuzona.lt\/ru\/product\/graztas-plytelems-o-10mm\/","title":{"rendered":"Gr\u0105\u017etas plytel\u0117ms \u00d8 10mm"},"content":{"rendered":"<p>Diametras &#8211;\u00a0\u00d8 10 mm Gr\u0119\u017eimo ilgis &#8211; 65 mm Bendras gr\u0105\u017eto ilgis &#8211; 120 mm<\/p>\n<p>Floor tile \u2022 positive sharpening carbide plate. Propeller \u00abl\u00bb.<\/p>","protected":false},"excerpt":{"rendered":"<p>Gr\u0105\u017etas plytel\u0117ms \u00d8 10mm \/ porcelianinis<\/p>","protected":false},"featured_media":227556,"comment_status":"open","ping_status":"open","template":"","meta":[],"product_cat":[9775],"product_tag":[9478],"class_list":{"0":"post-227554","1":"product","2":"type-product","3":"status-publish","4":"has-post-thumbnail","6":"product_brand-leman-prancuzija","7":"product_cat-graztai-keramikai-plytelems","8":"product_tag-leman-prancuzija","10":"first","11":"instock","12":"purchasable","13":"product-type-simple"},"jetpack_sharing_enabled":true,"_links":{"self":[{"href":"https:\/\/irankiuzona.lt\/ru\/wp-json\/wp\/v2\/product\/227554","targetHints":{"allow":["GET"]}}],"collection":[{"href":"https:\/\/irankiuzona.lt\/ru\/wp-json\/wp\/v2\/product"}],"about":[{"href":"https:\/\/irankiuzona.lt\/ru\/wp-json\/wp\/v2\/types\/product"}],"replies":[{"embeddable":true,"href":"https:\/\/irankiuzona.lt\/ru\/wp-json\/wp\/v2\/comments?post=227554"}],"version-history":[{"count":1,"href":"https:\/\/irankiuzona.lt\/ru\/wp-json\/wp\/v2\/product\/227554\/revisions"}],"predecessor-version":[{"id":411218,"href":"https:\/\/irankiuzona.lt\/ru\/wp-json\/wp\/v2\/product\/227554\/revisions\/411218"}],"wp:featuredmedia":[{"embeddable":true,"href":"https:\/\/irankiuzona.lt\/ru\/wp-json\/wp\/v2\/media\/227556"}],"wp:attachment":[{"href":"https:\/\/irankiuzona.lt\/ru\/wp-json\/wp\/v2\/media?parent=227554"}],"wp:term":[{"taxonomy":"product_cat","embeddable":true,"href":"https:\/\/irankiuzona.lt\/ru\/wp-json\/wp\/v2\/product_cat?post=227554"},{"taxonomy":"product_tag","embeddable":true,"href":"https:\/\/irankiuzona.lt\/ru\/wp-json\/wp\/v2\/product_tag?post=227554"}],"curies":[{"name":"wp","href":"https:\/\/api.w.org\/{rel}","templated":true}]}}