{"id":227595,"date":"2024-09-29T02:10:59","date_gmt":"2024-09-29T02:10:59","guid":{"rendered":"https:\/\/irankiuzona.lt\/product\/smugine-galvute-3-8-e-11-e-profil\/"},"modified":"2026-04-10T00:22:22","modified_gmt":"2026-04-10T00:22:22","slug":"smugine-galvute-3-8-e-11-e-profil","status":"publish","type":"product","link":"https:\/\/irankiuzona.lt\/ru\/product\/smugine-galvute-3-8-e-11-e-profil\/","title":{"rendered":"Sm\u016bgin\u0117 galvut\u0117 3\/8&quot; E-11 (E-profil)"},"content":{"rendered":"<p>E-profil E11 sm\u016bgin\u011726mm auk\u0161tis<\/p>","protected":false},"excerpt":{"rendered":"<p>Galvut\u0117 Cr-Mo E-11 3\/8<\/p>","protected":false},"featured_media":227597,"comment_status":"open","ping_status":"open","template":"","meta":[],"product_cat":[9860],"product_tag":[9778],"class_list":{"0":"post-227595","1":"product","2":"type-product","3":"status-publish","4":"has-post-thumbnail","6":"product_brand-triumf-professional-tools-slovakija","7":"product_cat-3-8-10-mm-galvutes-e-profil-torx","8":"product_tag-triumf-professional-tools-slovakija","10":"first","11":"instock","12":"purchasable","13":"product-type-simple"},"jetpack_sharing_enabled":true,"_links":{"self":[{"href":"https:\/\/irankiuzona.lt\/ru\/wp-json\/wp\/v2\/product\/227595","targetHints":{"allow":["GET"]}}],"collection":[{"href":"https:\/\/irankiuzona.lt\/ru\/wp-json\/wp\/v2\/product"}],"about":[{"href":"https:\/\/irankiuzona.lt\/ru\/wp-json\/wp\/v2\/types\/product"}],"replies":[{"embeddable":true,"href":"https:\/\/irankiuzona.lt\/ru\/wp-json\/wp\/v2\/comments?post=227595"}],"version-history":[{"count":1,"href":"https:\/\/irankiuzona.lt\/ru\/wp-json\/wp\/v2\/product\/227595\/revisions"}],"predecessor-version":[{"id":411232,"href":"https:\/\/irankiuzona.lt\/ru\/wp-json\/wp\/v2\/product\/227595\/revisions\/411232"}],"wp:featuredmedia":[{"embeddable":true,"href":"https:\/\/irankiuzona.lt\/ru\/wp-json\/wp\/v2\/media\/227597"}],"wp:attachment":[{"href":"https:\/\/irankiuzona.lt\/ru\/wp-json\/wp\/v2\/media?parent=227595"}],"wp:term":[{"taxonomy":"product_cat","embeddable":true,"href":"https:\/\/irankiuzona.lt\/ru\/wp-json\/wp\/v2\/product_cat?post=227595"},{"taxonomy":"product_tag","embeddable":true,"href":"https:\/\/irankiuzona.lt\/ru\/wp-json\/wp\/v2\/product_tag?post=227595"}],"curies":[{"name":"wp","href":"https:\/\/api.w.org\/{rel}","templated":true}]}}