{"id":227622,"date":"2024-09-29T02:11:02","date_gmt":"2024-09-29T02:11:02","guid":{"rendered":"https:\/\/irankiuzona.lt\/product\/spec-raktas-galvute-kuro-vamzdeliams-19mm-1-2-119mm-mercedes\/"},"modified":"2026-04-13T16:21:23","modified_gmt":"2026-04-13T16:21:23","slug":"spec-raktas-galvute-kuro-vamzdeliams-19mm-1-2-119mm-mercedes","status":"publish","type":"product","link":"https:\/\/irankiuzona.lt\/ru\/product\/spec-raktas-galvute-kuro-vamzdeliams-19mm-1-2-119mm-mercedes\/","title":{"rendered":"Spec.raktas-galvut\u0117 kuro vamzdeliams 19mm 1\/2&quot; 119mm Mercedes"},"content":{"rendered":"<p>Spec.raktas-galvut\u0117 19mm 1\/2&quot; 119mm Mercedes\u00a0 Kuro vamzdeli\u0173 sujungimams  &#8211; Ypa\u010d tinka blogai prieinamose plotuose &#8211; Dvigubas \u0161e\u0161iakampis profilis &#8211; Tinka daugumai dyzelini\u0173 varikli\u0173<\/p>","protected":false},"excerpt":{"rendered":"<p>Spec.raktas-galvut\u0117 kuro vamzdeliams 19mm 1\/2&quot; 119mm Mercedes\u00a0<\/p>","protected":false},"featured_media":227624,"comment_status":"open","ping_status":"open","template":"","meta":[],"product_cat":[9585],"product_tag":[9778],"class_list":{"0":"post-227622","1":"product","2":"type-product","3":"status-publish","4":"has-post-thumbnail","6":"product_brand-triumf-professional-tools-slovakija","7":"product_cat-irankiai-kuro-vamzdeliams","8":"product_tag-triumf-professional-tools-slovakija","10":"first","11":"outofstock","12":"purchasable","13":"product-type-simple"},"jetpack_sharing_enabled":true,"_links":{"self":[{"href":"https:\/\/irankiuzona.lt\/ru\/wp-json\/wp\/v2\/product\/227622","targetHints":{"allow":["GET"]}}],"collection":[{"href":"https:\/\/irankiuzona.lt\/ru\/wp-json\/wp\/v2\/product"}],"about":[{"href":"https:\/\/irankiuzona.lt\/ru\/wp-json\/wp\/v2\/types\/product"}],"replies":[{"embeddable":true,"href":"https:\/\/irankiuzona.lt\/ru\/wp-json\/wp\/v2\/comments?post=227622"}],"version-history":[{"count":1,"href":"https:\/\/irankiuzona.lt\/ru\/wp-json\/wp\/v2\/product\/227622\/revisions"}],"predecessor-version":[{"id":411239,"href":"https:\/\/irankiuzona.lt\/ru\/wp-json\/wp\/v2\/product\/227622\/revisions\/411239"}],"wp:featuredmedia":[{"embeddable":true,"href":"https:\/\/irankiuzona.lt\/ru\/wp-json\/wp\/v2\/media\/227624"}],"wp:attachment":[{"href":"https:\/\/irankiuzona.lt\/ru\/wp-json\/wp\/v2\/media?parent=227622"}],"wp:term":[{"taxonomy":"product_cat","embeddable":true,"href":"https:\/\/irankiuzona.lt\/ru\/wp-json\/wp\/v2\/product_cat?post=227622"},{"taxonomy":"product_tag","embeddable":true,"href":"https:\/\/irankiuzona.lt\/ru\/wp-json\/wp\/v2\/product_tag?post=227622"}],"curies":[{"name":"wp","href":"https:\/\/api.w.org\/{rel}","templated":true}]}}