{"id":227704,"date":"2024-09-29T02:20:11","date_gmt":"2024-09-29T02:20:11","guid":{"rendered":"https:\/\/irankiuzona.lt\/product\/t-formos-raktas-sesiakampis-hex3mm\/"},"modified":"2026-03-03T03:10:23","modified_gmt":"2026-03-03T03:10:23","slug":"t-formos-raktas-sesiakampis-hex3mm","status":"publish","type":"product","link":"https:\/\/irankiuzona.lt\/ru\/product\/t-formos-raktas-sesiakampis-hex3mm\/","title":{"rendered":"T-formos raktas \u0161e\u0161iakampis HEX3mm"},"content":{"rendered":"","protected":false},"excerpt":{"rendered":"<p>T-formos raktas \u0161e\u0161iakampis HEX3mm x 125mm ilgio\u00a0<\/p>","protected":false},"featured_media":227706,"comment_status":"open","ping_status":"open","template":"","meta":[],"product_cat":[9819],"product_tag":[9778],"class_list":{"0":"post-227704","1":"product","2":"type-product","3":"status-publish","4":"has-post-thumbnail","6":"product_brand-triumf-professional-tools-slovakija","7":"product_cat-t-formos-hex-raktai","8":"product_tag-triumf-professional-tools-slovakija","10":"first","11":"outofstock","12":"purchasable","13":"product-type-simple"},"jetpack_sharing_enabled":true,"_links":{"self":[{"href":"https:\/\/irankiuzona.lt\/ru\/wp-json\/wp\/v2\/product\/227704","targetHints":{"allow":["GET"]}}],"collection":[{"href":"https:\/\/irankiuzona.lt\/ru\/wp-json\/wp\/v2\/product"}],"about":[{"href":"https:\/\/irankiuzona.lt\/ru\/wp-json\/wp\/v2\/types\/product"}],"replies":[{"embeddable":true,"href":"https:\/\/irankiuzona.lt\/ru\/wp-json\/wp\/v2\/comments?post=227704"}],"version-history":[{"count":0,"href":"https:\/\/irankiuzona.lt\/ru\/wp-json\/wp\/v2\/product\/227704\/revisions"}],"wp:featuredmedia":[{"embeddable":true,"href":"https:\/\/irankiuzona.lt\/ru\/wp-json\/wp\/v2\/media\/227706"}],"wp:attachment":[{"href":"https:\/\/irankiuzona.lt\/ru\/wp-json\/wp\/v2\/media?parent=227704"}],"wp:term":[{"taxonomy":"product_cat","embeddable":true,"href":"https:\/\/irankiuzona.lt\/ru\/wp-json\/wp\/v2\/product_cat?post=227704"},{"taxonomy":"product_tag","embeddable":true,"href":"https:\/\/irankiuzona.lt\/ru\/wp-json\/wp\/v2\/product_tag?post=227704"}],"curies":[{"name":"wp","href":"https:\/\/api.w.org\/{rel}","templated":true}]}}