{"id":227790,"date":"2024-09-29T02:20:20","date_gmt":"2024-09-29T02:20:20","guid":{"rendered":"https:\/\/irankiuzona.lt\/product\/pjovimo-diskas-staklems-190x30mm-48dantu\/"},"modified":"2026-05-09T15:24:42","modified_gmt":"2026-05-09T15:24:42","slug":"pjovimo-diskas-staklems-190x30mm-48dantu","status":"publish","type":"product","link":"https:\/\/irankiuzona.lt\/ru\/product\/pjovimo-diskas-staklems-190x30mm-48dantu\/","title":{"rendered":"Pjovimo diskas stakl\u0117ms \/ 190x30mm \/ 48dant\u0173"},"content":{"rendered":"<p>SAW BLADE FOR PORTABLE MACHINES<br \/>\nDiameter: 190mmBore: 30mmThickness Segment: 2,8\/1,8Number of teeth: 48<\/p>","protected":false},"excerpt":{"rendered":"<p>Pjovimo diskas, pjovimo stakl\u0117ms \/ med\u017eiui, med\u017eio plok\u0161t\u0117ms, metalui \/ 190x30mm \/ 48 pjovimo dantys<\/p>","protected":false},"featured_media":227792,"comment_status":"open","ping_status":"open","template":"","meta":[],"product_cat":[9864],"product_tag":[9478],"class_list":{"0":"post-227790","1":"product","2":"type-product","3":"status-publish","4":"has-post-thumbnail","6":"product_brand-leman-prancuzija","7":"product_cat-pjovimo-diskai-staklems","8":"product_tag-leman-prancuzija","10":"first","11":"instock","12":"purchasable","13":"product-type-simple"},"jetpack_sharing_enabled":true,"_links":{"self":[{"href":"https:\/\/irankiuzona.lt\/ru\/wp-json\/wp\/v2\/product\/227790","targetHints":{"allow":["GET"]}}],"collection":[{"href":"https:\/\/irankiuzona.lt\/ru\/wp-json\/wp\/v2\/product"}],"about":[{"href":"https:\/\/irankiuzona.lt\/ru\/wp-json\/wp\/v2\/types\/product"}],"replies":[{"embeddable":true,"href":"https:\/\/irankiuzona.lt\/ru\/wp-json\/wp\/v2\/comments?post=227790"}],"version-history":[{"count":1,"href":"https:\/\/irankiuzona.lt\/ru\/wp-json\/wp\/v2\/product\/227790\/revisions"}],"predecessor-version":[{"id":411289,"href":"https:\/\/irankiuzona.lt\/ru\/wp-json\/wp\/v2\/product\/227790\/revisions\/411289"}],"wp:featuredmedia":[{"embeddable":true,"href":"https:\/\/irankiuzona.lt\/ru\/wp-json\/wp\/v2\/media\/227792"}],"wp:attachment":[{"href":"https:\/\/irankiuzona.lt\/ru\/wp-json\/wp\/v2\/media?parent=227790"}],"wp:term":[{"taxonomy":"product_cat","embeddable":true,"href":"https:\/\/irankiuzona.lt\/ru\/wp-json\/wp\/v2\/product_cat?post=227790"},{"taxonomy":"product_tag","embeddable":true,"href":"https:\/\/irankiuzona.lt\/ru\/wp-json\/wp\/v2\/product_tag?post=227790"}],"curies":[{"name":"wp","href":"https:\/\/api.w.org\/{rel}","templated":true}]}}