{"id":227817,"date":"2024-09-29T02:20:22","date_gmt":"2024-09-29T02:20:22","guid":{"rendered":"https:\/\/irankiuzona.lt\/product\/skylamusis-o35mm-pjoviklis-skylems-su-varztu\/"},"modified":"2026-05-09T14:42:52","modified_gmt":"2026-05-09T14:42:52","slug":"skylamusis-o35mm-pjoviklis-skylems-su-varztu","status":"publish","type":"product","link":"https:\/\/irankiuzona.lt\/ru\/product\/skylamusis-o35mm-pjoviklis-skylems-su-varztu\/","title":{"rendered":"Skylamu\u0161is \u00f835mm \/  pjoviklis skyl\u0117ms su var\u017etu"},"content":{"rendered":"<p>SINK HOLE CUTTER FOR STAINLESS STEEL<br \/>\n\u2022 Cutting holes \u00f8 35 mm for stainless steel sheet. Drill a 10 mm\u2022 Hole to screw the hole cutter.<\/p>","protected":false},"excerpt":{"rendered":"<p>Skylamu\u0161is \/ gr\u0119\u017eimo kar\u016bna su var\u017etu \/ pjoviklis metalui \u00f8 35mm \u00a0<\/p>","protected":false},"featured_media":227819,"comment_status":"open","ping_status":"open","template":"","meta":[],"product_cat":[9710],"product_tag":[9478],"class_list":{"0":"post-227817","1":"product","2":"type-product","3":"status-publish","4":"has-post-thumbnail","6":"product_brand-leman-prancuzija","7":"product_cat-grezimo-karunos-metalui-medziui","8":"product_tag-leman-prancuzija","10":"first","11":"instock","12":"purchasable","13":"product-type-simple"},"jetpack_sharing_enabled":true,"_links":{"self":[{"href":"https:\/\/irankiuzona.lt\/ru\/wp-json\/wp\/v2\/product\/227817","targetHints":{"allow":["GET"]}}],"collection":[{"href":"https:\/\/irankiuzona.lt\/ru\/wp-json\/wp\/v2\/product"}],"about":[{"href":"https:\/\/irankiuzona.lt\/ru\/wp-json\/wp\/v2\/types\/product"}],"replies":[{"embeddable":true,"href":"https:\/\/irankiuzona.lt\/ru\/wp-json\/wp\/v2\/comments?post=227817"}],"version-history":[{"count":1,"href":"https:\/\/irankiuzona.lt\/ru\/wp-json\/wp\/v2\/product\/227817\/revisions"}],"predecessor-version":[{"id":411298,"href":"https:\/\/irankiuzona.lt\/ru\/wp-json\/wp\/v2\/product\/227817\/revisions\/411298"}],"wp:featuredmedia":[{"embeddable":true,"href":"https:\/\/irankiuzona.lt\/ru\/wp-json\/wp\/v2\/media\/227819"}],"wp:attachment":[{"href":"https:\/\/irankiuzona.lt\/ru\/wp-json\/wp\/v2\/media?parent=227817"}],"wp:term":[{"taxonomy":"product_cat","embeddable":true,"href":"https:\/\/irankiuzona.lt\/ru\/wp-json\/wp\/v2\/product_cat?post=227817"},{"taxonomy":"product_tag","embeddable":true,"href":"https:\/\/irankiuzona.lt\/ru\/wp-json\/wp\/v2\/product_tag?post=227817"}],"curies":[{"name":"wp","href":"https:\/\/api.w.org\/{rel}","templated":true}]}}