{"id":227831,"date":"2024-09-29T02:20:24","date_gmt":"2024-09-29T02:20:24","guid":{"rendered":"https:\/\/irankiuzona.lt\/product\/peiliukas-32-mm-daugiafunkcinis\/"},"modified":"2026-05-10T05:06:31","modified_gmt":"2026-05-10T05:06:31","slug":"peiliukas-32-mm-daugiafunkcinis","status":"publish","type":"product","link":"https:\/\/irankiuzona.lt\/ru\/product\/peiliukas-32-mm-daugiafunkcinis\/","title":{"rendered":"Peiliukas 32 mm \/ daugiafunkcinis"},"content":{"rendered":"<p>UNIVERSALAUS TVIRTINIMO MULTIFUNKCIN\u0116S PJOVIMO PLOK\u0160TEL\u0116S (BI METALIN\u0116S)Precizi\u0161kai vientisas-lygus pjovimas. Skirtas medienai, metalui, aliuminiui, plastikui, tinkui ir kitoms mink\u0161toms med\u017eiagoms. Lengvai pjauna gaminius su vinimis, taip pat var\u012f.<br \/>\nPlunge cutting in wood and metal \/ coupe flush with nails and copper pipe. For use on non-ferrous metals, wood, plastics, plaster and other soft materials.\u00a0<\/p>","protected":false},"excerpt":{"rendered":"<p>Peiliukai 32&#215;40 Wood\/Metal<\/p>","protected":false},"featured_media":227833,"comment_status":"open","ping_status":"open","template":"","meta":[],"product_cat":[9760],"product_tag":[9478],"class_list":{"0":"post-227831","1":"product","2":"type-product","3":"status-publish","4":"has-post-thumbnail","6":"product_brand-leman-prancuzija","7":"product_cat-daugiafunkciniai-irankiai-ir-priedai","8":"product_tag-leman-prancuzija","10":"first","11":"instock","12":"purchasable","13":"product-type-simple"},"jetpack_sharing_enabled":true,"_links":{"self":[{"href":"https:\/\/irankiuzona.lt\/ru\/wp-json\/wp\/v2\/product\/227831","targetHints":{"allow":["GET"]}}],"collection":[{"href":"https:\/\/irankiuzona.lt\/ru\/wp-json\/wp\/v2\/product"}],"about":[{"href":"https:\/\/irankiuzona.lt\/ru\/wp-json\/wp\/v2\/types\/product"}],"replies":[{"embeddable":true,"href":"https:\/\/irankiuzona.lt\/ru\/wp-json\/wp\/v2\/comments?post=227831"}],"version-history":[{"count":1,"href":"https:\/\/irankiuzona.lt\/ru\/wp-json\/wp\/v2\/product\/227831\/revisions"}],"predecessor-version":[{"id":411303,"href":"https:\/\/irankiuzona.lt\/ru\/wp-json\/wp\/v2\/product\/227831\/revisions\/411303"}],"wp:featuredmedia":[{"embeddable":true,"href":"https:\/\/irankiuzona.lt\/ru\/wp-json\/wp\/v2\/media\/227833"}],"wp:attachment":[{"href":"https:\/\/irankiuzona.lt\/ru\/wp-json\/wp\/v2\/media?parent=227831"}],"wp:term":[{"taxonomy":"product_cat","embeddable":true,"href":"https:\/\/irankiuzona.lt\/ru\/wp-json\/wp\/v2\/product_cat?post=227831"},{"taxonomy":"product_tag","embeddable":true,"href":"https:\/\/irankiuzona.lt\/ru\/wp-json\/wp\/v2\/product_tag?post=227831"}],"curies":[{"name":"wp","href":"https:\/\/api.w.org\/{rel}","templated":true}]}}