{"id":227849,"date":"2024-09-29T02:20:25","date_gmt":"2024-09-29T02:20:25","guid":{"rendered":"https:\/\/irankiuzona.lt\/product\/peiliukas-metal-28-mm-daugiafunkcinis\/"},"modified":"2026-03-25T09:09:19","modified_gmt":"2026-03-25T09:09:19","slug":"peiliukas-metal-28-mm-daugiafunkcinis","status":"publish","type":"product","link":"https:\/\/irankiuzona.lt\/ru\/product\/peiliukas-metal-28-mm-daugiafunkcinis\/","title":{"rendered":"Peiliukas metal 28 mm \/ daugiafunkcinis"},"content":{"rendered":"<p>UNIVERSALAUS TVIRTINIMO,MULTIFUNKCIN\u0116, PJOVIMO PLOK\u0160TEL\u0116 (BI METALIN\u0116)Skirta silikono liku\u010diams, lang\u0173 hermetikams,sandarikliams pjauti, pa\u0161alinti.Tai pat tinka izoliacini\u0173 med\u017eiag\u0173 pjovimui.<\/p>","protected":false},"excerpt":{"rendered":"<p>Peiliukas universal. metal 28x50mm\u00a0<\/p>","protected":false},"featured_media":227851,"comment_status":"open","ping_status":"open","template":"","meta":[],"product_cat":[9760],"product_tag":[9478],"class_list":{"0":"post-227849","1":"product","2":"type-product","3":"status-publish","4":"has-post-thumbnail","6":"product_brand-leman-prancuzija","7":"product_cat-daugiafunkciniai-irankiai-ir-priedai","8":"product_tag-leman-prancuzija","10":"first","11":"outofstock","12":"purchasable","13":"product-type-simple"},"jetpack_sharing_enabled":true,"_links":{"self":[{"href":"https:\/\/irankiuzona.lt\/ru\/wp-json\/wp\/v2\/product\/227849","targetHints":{"allow":["GET"]}}],"collection":[{"href":"https:\/\/irankiuzona.lt\/ru\/wp-json\/wp\/v2\/product"}],"about":[{"href":"https:\/\/irankiuzona.lt\/ru\/wp-json\/wp\/v2\/types\/product"}],"replies":[{"embeddable":true,"href":"https:\/\/irankiuzona.lt\/ru\/wp-json\/wp\/v2\/comments?post=227849"}],"version-history":[{"count":1,"href":"https:\/\/irankiuzona.lt\/ru\/wp-json\/wp\/v2\/product\/227849\/revisions"}],"predecessor-version":[{"id":411309,"href":"https:\/\/irankiuzona.lt\/ru\/wp-json\/wp\/v2\/product\/227849\/revisions\/411309"}],"wp:featuredmedia":[{"embeddable":true,"href":"https:\/\/irankiuzona.lt\/ru\/wp-json\/wp\/v2\/media\/227851"}],"wp:attachment":[{"href":"https:\/\/irankiuzona.lt\/ru\/wp-json\/wp\/v2\/media?parent=227849"}],"wp:term":[{"taxonomy":"product_cat","embeddable":true,"href":"https:\/\/irankiuzona.lt\/ru\/wp-json\/wp\/v2\/product_cat?post=227849"},{"taxonomy":"product_tag","embeddable":true,"href":"https:\/\/irankiuzona.lt\/ru\/wp-json\/wp\/v2\/product_tag?post=227849"}],"curies":[{"name":"wp","href":"https:\/\/api.w.org\/{rel}","templated":true}]}}