{"id":227858,"date":"2024-09-29T02:20:26","date_gmt":"2024-09-29T02:20:26","guid":{"rendered":"https:\/\/irankiuzona.lt\/product\/peiliukas-65-mm-karbidinis-daugiafunkcinis\/"},"modified":"2026-04-12T13:57:15","modified_gmt":"2026-04-12T13:57:15","slug":"peiliukas-65-mm-karbidinis-daugiafunkcinis","status":"publish","type":"product","link":"https:\/\/irankiuzona.lt\/ru\/product\/peiliukas-65-mm-karbidinis-daugiafunkcinis\/","title":{"rendered":"Peiliukas 65 mm karbidinis \/ daugiafunkcinis"},"content":{"rendered":"<p>UNIVERSALAUS TVIRTINIMO,MULTIFUNKCIN\u0116, PJOVIMO PLOK\u0160TEL\u0116 HM ( KIETMETALIO)Skirta plyt\u0173, plyteli\u0173 i\u0161\u0117mimui. Betono grioveli\u0173, tarp\u0173 grandinimui.Disjointing wall tiles. Special joints for tiling. Milling grooves in plaster, porous concrete and similar construction materials.<\/p>","protected":false},"excerpt":{"rendered":"<p>Peiliukas apvl HM D65mm\u00a0<\/p>","protected":false},"featured_media":227860,"comment_status":"open","ping_status":"open","template":"","meta":[],"product_cat":[9760],"product_tag":[9478],"class_list":{"0":"post-227858","1":"product","2":"type-product","3":"status-publish","4":"has-post-thumbnail","6":"product_brand-leman-prancuzija","7":"product_cat-daugiafunkciniai-irankiai-ir-priedai","8":"product_tag-leman-prancuzija","10":"first","11":"instock","12":"purchasable","13":"product-type-simple"},"jetpack_sharing_enabled":true,"_links":{"self":[{"href":"https:\/\/irankiuzona.lt\/ru\/wp-json\/wp\/v2\/product\/227858","targetHints":{"allow":["GET"]}}],"collection":[{"href":"https:\/\/irankiuzona.lt\/ru\/wp-json\/wp\/v2\/product"}],"about":[{"href":"https:\/\/irankiuzona.lt\/ru\/wp-json\/wp\/v2\/types\/product"}],"replies":[{"embeddable":true,"href":"https:\/\/irankiuzona.lt\/ru\/wp-json\/wp\/v2\/comments?post=227858"}],"version-history":[{"count":1,"href":"https:\/\/irankiuzona.lt\/ru\/wp-json\/wp\/v2\/product\/227858\/revisions"}],"predecessor-version":[{"id":411312,"href":"https:\/\/irankiuzona.lt\/ru\/wp-json\/wp\/v2\/product\/227858\/revisions\/411312"}],"wp:featuredmedia":[{"embeddable":true,"href":"https:\/\/irankiuzona.lt\/ru\/wp-json\/wp\/v2\/media\/227860"}],"wp:attachment":[{"href":"https:\/\/irankiuzona.lt\/ru\/wp-json\/wp\/v2\/media?parent=227858"}],"wp:term":[{"taxonomy":"product_cat","embeddable":true,"href":"https:\/\/irankiuzona.lt\/ru\/wp-json\/wp\/v2\/product_cat?post=227858"},{"taxonomy":"product_tag","embeddable":true,"href":"https:\/\/irankiuzona.lt\/ru\/wp-json\/wp\/v2\/product_tag?post=227858"}],"curies":[{"name":"wp","href":"https:\/\/api.w.org\/{rel}","templated":true}]}}