{"id":227917,"date":"2024-09-29T02:20:31","date_gmt":"2024-09-29T02:20:31","guid":{"rendered":"https:\/\/irankiuzona.lt\/product\/lekste-tepalo-filtrui-76mm-8k\/"},"modified":"2026-04-13T07:55:58","modified_gmt":"2026-04-13T07:55:58","slug":"lekste-tepalo-filtrui-76mm-8k","status":"publish","type":"product","link":"https:\/\/irankiuzona.lt\/ru\/product\/lekste-tepalo-filtrui-76mm-8k\/","title":{"rendered":"L\u0117k\u0161t\u0117 tepalo filtrui 76mm, 8k."},"content":{"rendered":"","protected":false},"excerpt":{"rendered":"<p>L\u0117k\u0161t\u0117 tepalo filtrui 76mm, 8k.<\/p>","protected":false},"featured_media":227919,"comment_status":"open","ping_status":"open","template":"","meta":[],"product_cat":[9705],"product_tag":[9778],"class_list":{"0":"post-227917","1":"product","2":"type-product","3":"status-publish","4":"has-post-thumbnail","6":"product_brand-triumf-professional-tools-slovakija","7":"product_cat-galvutes-tepalo-filtrui","8":"product_tag-triumf-professional-tools-slovakija","10":"first","11":"instock","12":"purchasable","13":"product-type-simple"},"jetpack_sharing_enabled":true,"_links":{"self":[{"href":"https:\/\/irankiuzona.lt\/ru\/wp-json\/wp\/v2\/product\/227917","targetHints":{"allow":["GET"]}}],"collection":[{"href":"https:\/\/irankiuzona.lt\/ru\/wp-json\/wp\/v2\/product"}],"about":[{"href":"https:\/\/irankiuzona.lt\/ru\/wp-json\/wp\/v2\/types\/product"}],"replies":[{"embeddable":true,"href":"https:\/\/irankiuzona.lt\/ru\/wp-json\/wp\/v2\/comments?post=227917"}],"version-history":[{"count":1,"href":"https:\/\/irankiuzona.lt\/ru\/wp-json\/wp\/v2\/product\/227917\/revisions"}],"predecessor-version":[{"id":411332,"href":"https:\/\/irankiuzona.lt\/ru\/wp-json\/wp\/v2\/product\/227917\/revisions\/411332"}],"wp:featuredmedia":[{"embeddable":true,"href":"https:\/\/irankiuzona.lt\/ru\/wp-json\/wp\/v2\/media\/227919"}],"wp:attachment":[{"href":"https:\/\/irankiuzona.lt\/ru\/wp-json\/wp\/v2\/media?parent=227917"}],"wp:term":[{"taxonomy":"product_cat","embeddable":true,"href":"https:\/\/irankiuzona.lt\/ru\/wp-json\/wp\/v2\/product_cat?post=227917"},{"taxonomy":"product_tag","embeddable":true,"href":"https:\/\/irankiuzona.lt\/ru\/wp-json\/wp\/v2\/product_tag?post=227917"}],"curies":[{"name":"wp","href":"https:\/\/api.w.org\/{rel}","templated":true}]}}