{"id":227938,"date":"2024-09-29T02:20:33","date_gmt":"2024-09-29T02:20:33","guid":{"rendered":"https:\/\/irankiuzona.lt\/product\/peiliukas-22-mm-daugiafunkcinis\/"},"modified":"2026-04-12T12:44:12","modified_gmt":"2026-04-12T12:44:12","slug":"peiliukas-22-mm-daugiafunkcinis","status":"publish","type":"product","link":"https:\/\/irankiuzona.lt\/ru\/product\/peiliukas-22-mm-daugiafunkcinis\/","title":{"rendered":"Peiliukas 22 mm \/ daugiafunkcinis"},"content":{"rendered":"<p>UNIVERSALAUS TVIRTINIMO MULTIFUNKCIN\u0116S PJOVIMO PLOK\u0160TEL\u0116S ( CHROMO VANAD\u017dIO)Precizi\u0161kai vientisas-lygus pjovimas. Skirtas medienos, plastmas\u0117s, tinko, ir kit\u0173 mink\u0161t\u0173 med\u017eiag\u0173 pjovimui.Plunge cutting into wood. Fine blade for precision work. Also used in plastics, plaster and other soft materials.<\/p>","protected":false},"excerpt":{"rendered":"<p>Peiliukas 22x48mm CRV\/WOOD\u00a0<\/p>","protected":false},"featured_media":227940,"comment_status":"open","ping_status":"open","template":"","meta":[],"product_cat":[9760],"product_tag":[9478],"class_list":{"0":"post-227938","1":"product","2":"type-product","3":"status-publish","4":"has-post-thumbnail","6":"product_brand-leman-prancuzija","7":"product_cat-daugiafunkciniai-irankiai-ir-priedai","8":"product_tag-leman-prancuzija","10":"first","11":"instock","12":"purchasable","13":"product-type-simple"},"jetpack_sharing_enabled":true,"_links":{"self":[{"href":"https:\/\/irankiuzona.lt\/ru\/wp-json\/wp\/v2\/product\/227938","targetHints":{"allow":["GET"]}}],"collection":[{"href":"https:\/\/irankiuzona.lt\/ru\/wp-json\/wp\/v2\/product"}],"about":[{"href":"https:\/\/irankiuzona.lt\/ru\/wp-json\/wp\/v2\/types\/product"}],"replies":[{"embeddable":true,"href":"https:\/\/irankiuzona.lt\/ru\/wp-json\/wp\/v2\/comments?post=227938"}],"version-history":[{"count":1,"href":"https:\/\/irankiuzona.lt\/ru\/wp-json\/wp\/v2\/product\/227938\/revisions"}],"predecessor-version":[{"id":411335,"href":"https:\/\/irankiuzona.lt\/ru\/wp-json\/wp\/v2\/product\/227938\/revisions\/411335"}],"wp:featuredmedia":[{"embeddable":true,"href":"https:\/\/irankiuzona.lt\/ru\/wp-json\/wp\/v2\/media\/227940"}],"wp:attachment":[{"href":"https:\/\/irankiuzona.lt\/ru\/wp-json\/wp\/v2\/media?parent=227938"}],"wp:term":[{"taxonomy":"product_cat","embeddable":true,"href":"https:\/\/irankiuzona.lt\/ru\/wp-json\/wp\/v2\/product_cat?post=227938"},{"taxonomy":"product_tag","embeddable":true,"href":"https:\/\/irankiuzona.lt\/ru\/wp-json\/wp\/v2\/product_tag?post=227938"}],"curies":[{"name":"wp","href":"https:\/\/api.w.org\/{rel}","templated":true}]}}