{"id":228054,"date":"2024-09-29T02:20:45","date_gmt":"2024-09-29T02:20:45","guid":{"rendered":"https:\/\/irankiuzona.lt\/product\/universalus-salono-uzvalkalu-komplektas-poliesteris\/"},"modified":"2026-05-13T23:32:14","modified_gmt":"2026-05-13T23:32:14","slug":"universalus-salono-uzvalkalu-komplektas-poliesteris","status":"publish","type":"product","link":"https:\/\/irankiuzona.lt\/ru\/product\/universalus-salono-uzvalkalu-komplektas-poliesteris\/","title":{"rendered":"Universalus salono u\u017evalkal\u0173 komplektas (poliesteris)"},"content":{"rendered":"<p>Apsaugo nuo riebal\u0173, aliejaus, vandens,\u00a0maisto liku\u010di\u0173 ir kit\u0173 ter\u0161al\u0173- I\u0161sivalo nuo apliejimo su dr\u0117gnu skudur\u0117liu ar kempine- Komplekt\u0105 sudaro s\u0117dyn\u0117s, vairo ir\u00a0pavar\u0173 perjungimo ranken\u0117l\u0117s\u00a0apvalkalai- Pagaminta i\u0161 atsparaus, &quot;lightwight&quot; poliesterio<\/p>","protected":false},"excerpt":{"rendered":"<p>U\u017evalkalai s\u0117dynei, vairui ir b\u0117gi\u0173 perjungimui. Med\u017eiaga poliesteris.<\/p>","protected":false},"featured_media":228056,"comment_status":"open","ping_status":"open","template":"","meta":[],"product_cat":[9697],"product_tag":[9845],"class_list":{"0":"post-228054","1":"product","2":"type-product","3":"status-publish","4":"has-post-thumbnail","6":"product_brand-vokietija-germany","7":"product_cat-aksesuarai-automobiliams","8":"product_tag-vokietija-germany","10":"first","11":"instock","12":"purchasable","13":"product-type-simple"},"jetpack_sharing_enabled":true,"_links":{"self":[{"href":"https:\/\/irankiuzona.lt\/ru\/wp-json\/wp\/v2\/product\/228054","targetHints":{"allow":["GET"]}}],"collection":[{"href":"https:\/\/irankiuzona.lt\/ru\/wp-json\/wp\/v2\/product"}],"about":[{"href":"https:\/\/irankiuzona.lt\/ru\/wp-json\/wp\/v2\/types\/product"}],"replies":[{"embeddable":true,"href":"https:\/\/irankiuzona.lt\/ru\/wp-json\/wp\/v2\/comments?post=228054"}],"version-history":[{"count":1,"href":"https:\/\/irankiuzona.lt\/ru\/wp-json\/wp\/v2\/product\/228054\/revisions"}],"predecessor-version":[{"id":411369,"href":"https:\/\/irankiuzona.lt\/ru\/wp-json\/wp\/v2\/product\/228054\/revisions\/411369"}],"wp:featuredmedia":[{"embeddable":true,"href":"https:\/\/irankiuzona.lt\/ru\/wp-json\/wp\/v2\/media\/228056"}],"wp:attachment":[{"href":"https:\/\/irankiuzona.lt\/ru\/wp-json\/wp\/v2\/media?parent=228054"}],"wp:term":[{"taxonomy":"product_cat","embeddable":true,"href":"https:\/\/irankiuzona.lt\/ru\/wp-json\/wp\/v2\/product_cat?post=228054"},{"taxonomy":"product_tag","embeddable":true,"href":"https:\/\/irankiuzona.lt\/ru\/wp-json\/wp\/v2\/product_tag?post=228054"}],"curies":[{"name":"wp","href":"https:\/\/api.w.org\/{rel}","templated":true}]}}