{"id":228139,"date":"2024-09-29T02:20:54","date_gmt":"2024-09-29T02:20:54","guid":{"rendered":"https:\/\/irankiuzona.lt\/product\/kabliukai-uzapvalintais-kampais-4vnt\/"},"modified":"2026-05-16T16:43:07","modified_gmt":"2026-05-16T16:43:07","slug":"kabliukai-uzapvalintais-kampais-4vnt","status":"publish","type":"product","link":"https:\/\/irankiuzona.lt\/ru\/product\/kabliukai-uzapvalintais-kampais-4vnt\/","title":{"rendered":"Kabliukai u\u017eapvalintais kampais 4vnt."},"content":{"rendered":"<p>Tinka tarpini\u0173 ir o-ring&#8217;\u0173 pa\u0161alinimui.<\/p>","protected":false},"excerpt":{"rendered":"<p>Kabliukai u\u017eapvalintais kampais 4vnt.<\/p>","protected":false},"featured_media":228141,"comment_status":"open","ping_status":"open","template":"","meta":[],"product_cat":[9529],"product_tag":[9462],"class_list":{"0":"post-228139","1":"product","2":"type-product","3":"status-publish","4":"has-post-thumbnail","6":"product_brand-condor-werkzeug-vokietija","7":"product_cat-irankiai-apdailos-ardymui","8":"product_tag-condor-werkzeug-vokietija","10":"first","11":"instock","12":"purchasable","13":"product-type-simple"},"jetpack_sharing_enabled":true,"_links":{"self":[{"href":"https:\/\/irankiuzona.lt\/ru\/wp-json\/wp\/v2\/product\/228139","targetHints":{"allow":["GET"]}}],"collection":[{"href":"https:\/\/irankiuzona.lt\/ru\/wp-json\/wp\/v2\/product"}],"about":[{"href":"https:\/\/irankiuzona.lt\/ru\/wp-json\/wp\/v2\/types\/product"}],"replies":[{"embeddable":true,"href":"https:\/\/irankiuzona.lt\/ru\/wp-json\/wp\/v2\/comments?post=228139"}],"version-history":[{"count":1,"href":"https:\/\/irankiuzona.lt\/ru\/wp-json\/wp\/v2\/product\/228139\/revisions"}],"predecessor-version":[{"id":411397,"href":"https:\/\/irankiuzona.lt\/ru\/wp-json\/wp\/v2\/product\/228139\/revisions\/411397"}],"wp:featuredmedia":[{"embeddable":true,"href":"https:\/\/irankiuzona.lt\/ru\/wp-json\/wp\/v2\/media\/228141"}],"wp:attachment":[{"href":"https:\/\/irankiuzona.lt\/ru\/wp-json\/wp\/v2\/media?parent=228139"}],"wp:term":[{"taxonomy":"product_cat","embeddable":true,"href":"https:\/\/irankiuzona.lt\/ru\/wp-json\/wp\/v2\/product_cat?post=228139"},{"taxonomy":"product_tag","embeddable":true,"href":"https:\/\/irankiuzona.lt\/ru\/wp-json\/wp\/v2\/product_tag?post=228139"}],"curies":[{"name":"wp","href":"https:\/\/api.w.org\/{rel}","templated":true}]}}