{"id":228147,"date":"2024-09-29T02:20:54","date_gmt":"2024-09-29T02:20:54","guid":{"rendered":"https:\/\/irankiuzona.lt\/product\/hidraulinis-varztas-presas-12tonu\/"},"modified":"2026-04-15T09:03:50","modified_gmt":"2026-04-15T09:03:50","slug":"hidraulinis-varztas-presas-12tonu","status":"publish","type":"product","link":"https:\/\/irankiuzona.lt\/ru\/product\/hidraulinis-varztas-presas-12tonu\/","title":{"rendered":"Hidraulinis var\u017etas-presas 12ton\u0173"},"content":{"rendered":"<p>12 ton\u0173Tinka naudoti su C5508 \/ C5518 \/ C5445<\/p>\n<p>connecting thread: UN1.1\/2&quot;x16<\/p>","protected":false},"excerpt":{"rendered":"<p>Hidraulinis var\u017etas-presas 12ton\u0173<\/p>","protected":false},"featured_media":228149,"comment_status":"open","ping_status":"open","template":"","meta":[],"product_cat":[9869],"product_tag":[9462],"class_list":{"0":"post-228147","1":"product","2":"type-product","3":"status-publish","4":"has-post-thumbnail","6":"product_brand-condor-werkzeug-vokietija","7":"product_cat-hidrauliniai-varztai","8":"product_tag-condor-werkzeug-vokietija","10":"first","11":"instock","12":"purchasable","13":"product-type-simple"},"jetpack_sharing_enabled":true,"_links":{"self":[{"href":"https:\/\/irankiuzona.lt\/ru\/wp-json\/wp\/v2\/product\/228147","targetHints":{"allow":["GET"]}}],"collection":[{"href":"https:\/\/irankiuzona.lt\/ru\/wp-json\/wp\/v2\/product"}],"about":[{"href":"https:\/\/irankiuzona.lt\/ru\/wp-json\/wp\/v2\/types\/product"}],"replies":[{"embeddable":true,"href":"https:\/\/irankiuzona.lt\/ru\/wp-json\/wp\/v2\/comments?post=228147"}],"version-history":[{"count":1,"href":"https:\/\/irankiuzona.lt\/ru\/wp-json\/wp\/v2\/product\/228147\/revisions"}],"predecessor-version":[{"id":411400,"href":"https:\/\/irankiuzona.lt\/ru\/wp-json\/wp\/v2\/product\/228147\/revisions\/411400"}],"wp:featuredmedia":[{"embeddable":true,"href":"https:\/\/irankiuzona.lt\/ru\/wp-json\/wp\/v2\/media\/228149"}],"wp:attachment":[{"href":"https:\/\/irankiuzona.lt\/ru\/wp-json\/wp\/v2\/media?parent=228147"}],"wp:term":[{"taxonomy":"product_cat","embeddable":true,"href":"https:\/\/irankiuzona.lt\/ru\/wp-json\/wp\/v2\/product_cat?post=228147"},{"taxonomy":"product_tag","embeddable":true,"href":"https:\/\/irankiuzona.lt\/ru\/wp-json\/wp\/v2\/product_tag?post=228147"}],"curies":[{"name":"wp","href":"https:\/\/api.w.org\/{rel}","templated":true}]}}