{"id":228227,"date":"2024-09-29T02:21:02","date_gmt":"2024-09-29T02:21:02","guid":{"rendered":"https:\/\/irankiuzona.lt\/product\/ipresuotas-h16-1-2-sesiakampis\/"},"modified":"2026-05-16T22:36:23","modified_gmt":"2026-05-16T22:36:23","slug":"ipresuotas-h16-1-2-sesiakampis","status":"publish","type":"product","link":"https:\/\/irankiuzona.lt\/ru\/product\/ipresuotas-h16-1-2-sesiakampis\/","title":{"rendered":"\u012epresuotas H16 1\/2 \u0161e\u0161iakampis"},"content":{"rendered":"","protected":false},"excerpt":{"rendered":"<p>\u012epresuotas H16 1\/2\u00a06-kampis (70 mm auk\u0161tis)<\/p>","protected":false},"featured_media":228229,"comment_status":"open","ping_status":"open","template":"","meta":[],"product_cat":[9620],"product_tag":[9778],"class_list":{"0":"post-228227","1":"product","2":"type-product","3":"status-publish","4":"has-post-thumbnail","6":"product_brand-triumf-professional-tools-slovakija","7":"product_cat-1-2-ipresuoti-hex-antgaliai","8":"product_tag-triumf-professional-tools-slovakija","10":"first","11":"instock","12":"purchasable","13":"product-type-simple"},"jetpack_sharing_enabled":true,"_links":{"self":[{"href":"https:\/\/irankiuzona.lt\/ru\/wp-json\/wp\/v2\/product\/228227","targetHints":{"allow":["GET"]}}],"collection":[{"href":"https:\/\/irankiuzona.lt\/ru\/wp-json\/wp\/v2\/product"}],"about":[{"href":"https:\/\/irankiuzona.lt\/ru\/wp-json\/wp\/v2\/types\/product"}],"replies":[{"embeddable":true,"href":"https:\/\/irankiuzona.lt\/ru\/wp-json\/wp\/v2\/comments?post=228227"}],"version-history":[{"count":1,"href":"https:\/\/irankiuzona.lt\/ru\/wp-json\/wp\/v2\/product\/228227\/revisions"}],"predecessor-version":[{"id":411423,"href":"https:\/\/irankiuzona.lt\/ru\/wp-json\/wp\/v2\/product\/228227\/revisions\/411423"}],"wp:featuredmedia":[{"embeddable":true,"href":"https:\/\/irankiuzona.lt\/ru\/wp-json\/wp\/v2\/media\/228229"}],"wp:attachment":[{"href":"https:\/\/irankiuzona.lt\/ru\/wp-json\/wp\/v2\/media?parent=228227"}],"wp:term":[{"taxonomy":"product_cat","embeddable":true,"href":"https:\/\/irankiuzona.lt\/ru\/wp-json\/wp\/v2\/product_cat?post=228227"},{"taxonomy":"product_tag","embeddable":true,"href":"https:\/\/irankiuzona.lt\/ru\/wp-json\/wp\/v2\/product_tag?post=228227"}],"curies":[{"name":"wp","href":"https:\/\/api.w.org\/{rel}","templated":true}]}}