{"id":228254,"date":"2024-09-29T02:30:06","date_gmt":"2024-09-29T02:30:06","guid":{"rendered":"https:\/\/irankiuzona.lt\/product\/juosta-pneumatiniam-slifuokliui-p80-20520mm-10vnt\/"},"modified":"2026-05-13T22:34:16","modified_gmt":"2026-05-13T22:34:16","slug":"juosta-pneumatiniam-slifuokliui-p80-20520mm-10vnt","status":"publish","type":"product","link":"https:\/\/irankiuzona.lt\/ru\/product\/juosta-pneumatiniam-slifuokliui-p80-20520mm-10vnt\/","title":{"rendered":"Juosta pneumatiniam \u0161lifuokliui P80 20*520mm \/ 10vnt."},"content":{"rendered":"<p>Svoris (kg) 0,1700<br \/>\nBegalinis \u0161lifavimo dir\u017eas skirtas pneumatinei \u0161lifavimo ma\u0161in\u0117lei, suprojektuotai konvejerio tipo. \u0160lifavimo med\u017eiaga yra i\u0161 aliuminio oksido. Dydis 20&#215;520 gradacija P80. Komplekte yra 10 vienet\u0173 auk\u0161tos kokyb\u0117s juostos.<\/p>","protected":false},"excerpt":{"rendered":"<p>Juosta pneumatiniam \u0161lifuokliui P80 20*520mm \/ 10vnt.<\/p>","protected":false},"featured_media":228256,"comment_status":"open","ping_status":"open","template":"","meta":[],"product_cat":[9676],"product_tag":[9483],"class_list":{"0":"post-228254","1":"product","2":"type-product","3":"status-publish","4":"has-post-thumbnail","6":"product_brand-yato-lenkija","7":"product_cat-pneumatiniai-slifuokliai-ju-priedai","8":"product_tag-yato-lenkija","10":"first","11":"instock","12":"purchasable","13":"product-type-simple"},"jetpack_sharing_enabled":true,"_links":{"self":[{"href":"https:\/\/irankiuzona.lt\/ru\/wp-json\/wp\/v2\/product\/228254","targetHints":{"allow":["GET"]}}],"collection":[{"href":"https:\/\/irankiuzona.lt\/ru\/wp-json\/wp\/v2\/product"}],"about":[{"href":"https:\/\/irankiuzona.lt\/ru\/wp-json\/wp\/v2\/types\/product"}],"replies":[{"embeddable":true,"href":"https:\/\/irankiuzona.lt\/ru\/wp-json\/wp\/v2\/comments?post=228254"}],"version-history":[{"count":1,"href":"https:\/\/irankiuzona.lt\/ru\/wp-json\/wp\/v2\/product\/228254\/revisions"}],"predecessor-version":[{"id":411431,"href":"https:\/\/irankiuzona.lt\/ru\/wp-json\/wp\/v2\/product\/228254\/revisions\/411431"}],"wp:featuredmedia":[{"embeddable":true,"href":"https:\/\/irankiuzona.lt\/ru\/wp-json\/wp\/v2\/media\/228256"}],"wp:attachment":[{"href":"https:\/\/irankiuzona.lt\/ru\/wp-json\/wp\/v2\/media?parent=228254"}],"wp:term":[{"taxonomy":"product_cat","embeddable":true,"href":"https:\/\/irankiuzona.lt\/ru\/wp-json\/wp\/v2\/product_cat?post=228254"},{"taxonomy":"product_tag","embeddable":true,"href":"https:\/\/irankiuzona.lt\/ru\/wp-json\/wp\/v2\/product_tag?post=228254"}],"curies":[{"name":"wp","href":"https:\/\/api.w.org\/{rel}","templated":true}]}}