{"id":228308,"date":"2024-09-29T02:30:11","date_gmt":"2024-09-29T02:30:11","guid":{"rendered":"https:\/\/irankiuzona.lt\/product\/irankiu-k-tas-amortizatoriams-8\/"},"modified":"2026-05-14T16:47:04","modified_gmt":"2026-05-14T16:47:04","slug":"irankiu-k-tas-amortizatoriams-8","status":"publish","type":"product","link":"https:\/\/irankiuzona.lt\/ru\/product\/irankiu-k-tas-amortizatoriams-8\/","title":{"rendered":"\u012eranki\u0173 k-tas amortizatoriams 8*"},"content":{"rendered":"<p>\u00a0<\/p>\n<p>    zum L\u00f6sen und Festziehen der Domlagerverschraubung sowie zum Aufweiten der Federbeinaufnahme bei der Sto\u00dfd\u00e4mpfer-\/ Federbeinmontage und Demontage<br \/>\n    6 Nutmutternschl\u00fcssel mit 2 Zapfen f\u00fcr Audi \/ VW \/ Skoda \/ Seat \/ Mercedes \/ Austin:<br \/>\n    \u00f8 \/ Zapfenbreite \/ Antriebs-Sechskant:<br \/>\n    10.5 mm \/ 3.5 mm \/ 22 mm<br \/>\n    12.5 mm \/ 3.5 mm \/ 22 mm<br \/>\n    14.0 mm \/ 2.5 mm \/ 22 mm<br \/>\n    14.5 mm \/ 5.0 mm \/ 22 mm<br \/>\n    15.0 mm \/ 5.0 mm \/ 21 mm<br \/>\n    12.5 mm \/ 3.0 mm \/ 15 mm\u00a0<br \/>\n    2 Aufspreizer:<br \/>\n    Gr\u00f6\u00dfe \/ Spreizma\u00df \/ Antrieb:<br \/>\n    5.0 x 60 mm \/ 7.0 mm \/ 1\/2&quot;<br \/>\n    5.5 x 48 mm \/ 8.2 mm \/ 1\/2&quot;<\/p>","protected":false},"excerpt":{"rendered":"<p>\u012eranki\u0173 k-tas amortizatoriams 8*<\/p>","protected":false},"featured_media":228310,"comment_status":"open","ping_status":"open","template":"","meta":[],"product_cat":[9545],"product_tag":[9462],"class_list":{"0":"post-228308","1":"product","2":"type-product","3":"status-publish","4":"has-post-thumbnail","6":"product_brand-condor-werkzeug-vokietija","7":"product_cat-irankiai-amortizatoriams","8":"product_tag-condor-werkzeug-vokietija","10":"first","11":"instock","12":"purchasable","13":"product-type-simple"},"jetpack_sharing_enabled":true,"_links":{"self":[{"href":"https:\/\/irankiuzona.lt\/ru\/wp-json\/wp\/v2\/product\/228308","targetHints":{"allow":["GET"]}}],"collection":[{"href":"https:\/\/irankiuzona.lt\/ru\/wp-json\/wp\/v2\/product"}],"about":[{"href":"https:\/\/irankiuzona.lt\/ru\/wp-json\/wp\/v2\/types\/product"}],"replies":[{"embeddable":true,"href":"https:\/\/irankiuzona.lt\/ru\/wp-json\/wp\/v2\/comments?post=228308"}],"version-history":[{"count":1,"href":"https:\/\/irankiuzona.lt\/ru\/wp-json\/wp\/v2\/product\/228308\/revisions"}],"predecessor-version":[{"id":411443,"href":"https:\/\/irankiuzona.lt\/ru\/wp-json\/wp\/v2\/product\/228308\/revisions\/411443"}],"wp:featuredmedia":[{"embeddable":true,"href":"https:\/\/irankiuzona.lt\/ru\/wp-json\/wp\/v2\/media\/228310"}],"wp:attachment":[{"href":"https:\/\/irankiuzona.lt\/ru\/wp-json\/wp\/v2\/media?parent=228308"}],"wp:term":[{"taxonomy":"product_cat","embeddable":true,"href":"https:\/\/irankiuzona.lt\/ru\/wp-json\/wp\/v2\/product_cat?post=228308"},{"taxonomy":"product_tag","embeddable":true,"href":"https:\/\/irankiuzona.lt\/ru\/wp-json\/wp\/v2\/product_tag?post=228308"}],"curies":[{"name":"wp","href":"https:\/\/api.w.org\/{rel}","templated":true}]}}