{"id":228311,"date":"2024-09-29T02:30:11","date_gmt":"2024-09-29T02:30:11","guid":{"rendered":"https:\/\/irankiuzona.lt\/product\/irankiu-komplektas-kebulo-darbams-ilenkimams-tiesinti\/"},"modified":"2026-04-12T17:14:15","modified_gmt":"2026-04-12T17:14:15","slug":"irankiu-komplektas-kebulo-darbams-ilenkimams-tiesinti","status":"publish","type":"product","link":"https:\/\/irankiuzona.lt\/ru\/product\/irankiu-komplektas-kebulo-darbams-ilenkimams-tiesinti\/","title":{"rendered":"\u012eranki\u0173 komplektas k\u0117bulo darbams \/ \u012flenkimams tiesinti"},"content":{"rendered":"<p>&#8211; Tinka nedideli\u0173 \u012flenkim\u0173 remontui &#8211; Da\u017eymo ir glaistymo darbai nereikalingi &#8211; N\u0117ra spalv\u0173 skirtum\u0173 &#8211; Suma\u017eina laiko s\u0105naudas ir l\u0117\u0161as &#8211; Apima: &#8211; 9 Dent pagalv\u0117l\u0117s \u012fvairi\u0173 dyd\u017ei\u0173 ir form\u0173 &#8211; Special\u016bs klijai, klij\u0173 lazdel\u0117s  &#8211; Atbulinis plaktukas i\u0161traukti sunkesnius \u012flenkimus &#8211; Plastiko grandiklis, \u0161velnios Dent-pagalv\u0117l\u0117s ir kt.<br \/>\nDent Repair Kit, with hot glue technology<\/p>\n<p>for easy repair of small dents, saves time and money<br \/>\nno painting and filling work required, avoids problems with colour differences<br \/>\nwith specialist dent pulling tool, enables very gentle and exact dent removal:The pulling mechanism is operated by pressing the two handle levers together. The tool is designed to give the operator maximum control over how much force is to be applied.<br \/>\nrubber-coated supports, protect against slipping off and scratching paintwork<br \/>\nincludes sliding hammer for larger dents<\/p>","protected":false},"excerpt":{"rendered":"<p>\u012eranki\u0173 komplektas k\u0117bulo \u012flenkim\u0173 tiesinimo darbams \/ meninis lyginimas<\/p>","protected":false},"featured_media":228313,"comment_status":"open","ping_status":"open","template":"","meta":[],"product_cat":[9556],"product_tag":[9462],"class_list":{"0":"post-228311","1":"product","2":"type-product","3":"status-publish","4":"has-post-thumbnail","6":"product_brand-condor-werkzeug-vokietija","7":"product_cat-irankiai-kebulo-lyginimui","8":"product_tag-condor-werkzeug-vokietija","10":"first","11":"instock","12":"purchasable","13":"product-type-simple"},"jetpack_sharing_enabled":true,"_links":{"self":[{"href":"https:\/\/irankiuzona.lt\/ru\/wp-json\/wp\/v2\/product\/228311","targetHints":{"allow":["GET"]}}],"collection":[{"href":"https:\/\/irankiuzona.lt\/ru\/wp-json\/wp\/v2\/product"}],"about":[{"href":"https:\/\/irankiuzona.lt\/ru\/wp-json\/wp\/v2\/types\/product"}],"replies":[{"embeddable":true,"href":"https:\/\/irankiuzona.lt\/ru\/wp-json\/wp\/v2\/comments?post=228311"}],"version-history":[{"count":1,"href":"https:\/\/irankiuzona.lt\/ru\/wp-json\/wp\/v2\/product\/228311\/revisions"}],"predecessor-version":[{"id":411444,"href":"https:\/\/irankiuzona.lt\/ru\/wp-json\/wp\/v2\/product\/228311\/revisions\/411444"}],"wp:featuredmedia":[{"embeddable":true,"href":"https:\/\/irankiuzona.lt\/ru\/wp-json\/wp\/v2\/media\/228313"}],"wp:attachment":[{"href":"https:\/\/irankiuzona.lt\/ru\/wp-json\/wp\/v2\/media?parent=228311"}],"wp:term":[{"taxonomy":"product_cat","embeddable":true,"href":"https:\/\/irankiuzona.lt\/ru\/wp-json\/wp\/v2\/product_cat?post=228311"},{"taxonomy":"product_tag","embeddable":true,"href":"https:\/\/irankiuzona.lt\/ru\/wp-json\/wp\/v2\/product_tag?post=228311"}],"curies":[{"name":"wp","href":"https:\/\/api.w.org\/{rel}","templated":true}]}}