{"id":228320,"date":"2024-09-29T02:30:12","date_gmt":"2024-09-29T02:30:12","guid":{"rendered":"https:\/\/irankiuzona.lt\/product\/repliu-k-tas-su-deklu-vezimeliui-4-daliu\/"},"modified":"2026-04-12T04:01:29","modified_gmt":"2026-04-12T04:01:29","slug":"repliu-k-tas-su-deklu-vezimeliui-4-daliu","status":"publish","type":"product","link":"https:\/\/irankiuzona.lt\/ru\/product\/repliu-k-tas-su-deklu-vezimeliui-4-daliu\/","title":{"rendered":"Repli\u0173 k-tas \/ su d\u0117klu ve\u017eim\u0117liui 4 dali\u0173"},"content":{"rendered":"<p>\u012ed\u0117klo dydis stal\u010diuje &#8211; 1\/3 (36x185x395 mm)  Komplekte: Repl\u0117s Kobra 240 mm Repl\u0117s pailgintais galais 200 mm  Repl\u0117s universalios 180 mm  Repl\u0117s &#8211; \u017enypl\u0117s 160 mm<\/p>","protected":false},"excerpt":{"rendered":"<p>Repli\u0173 k-tas \/ su d\u0117klu ve\u017eim\u0117liui 4 dali\u0173<\/p>","protected":false},"featured_media":228322,"comment_status":"open","ping_status":"open","template":"","meta":[],"product_cat":[9870],"product_tag":[9462],"class_list":{"0":"post-228320","1":"product","2":"type-product","3":"status-publish","4":"has-post-thumbnail","6":"product_brand-condor-werkzeug-vokietija","7":"product_cat-deklai-i-vezimus-su-irankiais-ir-tusti","8":"product_tag-condor-werkzeug-vokietija","10":"first","11":"instock","12":"purchasable","13":"product-type-simple"},"jetpack_sharing_enabled":true,"_links":{"self":[{"href":"https:\/\/irankiuzona.lt\/ru\/wp-json\/wp\/v2\/product\/228320","targetHints":{"allow":["GET"]}}],"collection":[{"href":"https:\/\/irankiuzona.lt\/ru\/wp-json\/wp\/v2\/product"}],"about":[{"href":"https:\/\/irankiuzona.lt\/ru\/wp-json\/wp\/v2\/types\/product"}],"replies":[{"embeddable":true,"href":"https:\/\/irankiuzona.lt\/ru\/wp-json\/wp\/v2\/comments?post=228320"}],"version-history":[{"count":1,"href":"https:\/\/irankiuzona.lt\/ru\/wp-json\/wp\/v2\/product\/228320\/revisions"}],"predecessor-version":[{"id":411447,"href":"https:\/\/irankiuzona.lt\/ru\/wp-json\/wp\/v2\/product\/228320\/revisions\/411447"}],"wp:featuredmedia":[{"embeddable":true,"href":"https:\/\/irankiuzona.lt\/ru\/wp-json\/wp\/v2\/media\/228322"}],"wp:attachment":[{"href":"https:\/\/irankiuzona.lt\/ru\/wp-json\/wp\/v2\/media?parent=228320"}],"wp:term":[{"taxonomy":"product_cat","embeddable":true,"href":"https:\/\/irankiuzona.lt\/ru\/wp-json\/wp\/v2\/product_cat?post=228320"},{"taxonomy":"product_tag","embeddable":true,"href":"https:\/\/irankiuzona.lt\/ru\/wp-json\/wp\/v2\/product_tag?post=228320"}],"curies":[{"name":"wp","href":"https:\/\/api.w.org\/{rel}","templated":true}]}}