{"id":228373,"date":"2024-09-29T02:30:17","date_gmt":"2024-09-29T02:30:17","guid":{"rendered":"https:\/\/irankiuzona.lt\/product\/magnetinis-laikiklis-1-2-galvutems\/"},"modified":"2026-05-14T13:31:23","modified_gmt":"2026-05-14T13:31:23","slug":"magnetinis-laikiklis-1-2-galvutems","status":"publish","type":"product","link":"https:\/\/irankiuzona.lt\/ru\/product\/magnetinis-laikiklis-1-2-galvutems\/","title":{"rendered":"Magnetinis laikiklis 1\/2 galvut\u0117ms"},"content":{"rendered":"<p>Galvut\u0117s \u012f komplektacij\u0105 ne\u012feina!Telpa 10 galvu\u010di\u0173Ilgis &#8211; 322mm<\/p>","protected":false},"excerpt":{"rendered":"<p>Laikiklis 1\/2 galvut\u0117ms, magnetinis<\/p>","protected":false},"featured_media":228375,"comment_status":"open","ping_status":"open","template":"","meta":[],"product_cat":[9461],"product_tag":[9462],"class_list":{"0":"post-228373","1":"product","2":"type-product","3":"status-publish","4":"has-post-thumbnail","6":"product_brand-condor-werkzeug-vokietija","7":"product_cat-laikikliai-galvutems","8":"product_tag-condor-werkzeug-vokietija","10":"first","11":"instock","12":"purchasable","13":"product-type-simple"},"jetpack_sharing_enabled":true,"_links":{"self":[{"href":"https:\/\/irankiuzona.lt\/ru\/wp-json\/wp\/v2\/product\/228373","targetHints":{"allow":["GET"]}}],"collection":[{"href":"https:\/\/irankiuzona.lt\/ru\/wp-json\/wp\/v2\/product"}],"about":[{"href":"https:\/\/irankiuzona.lt\/ru\/wp-json\/wp\/v2\/types\/product"}],"replies":[{"embeddable":true,"href":"https:\/\/irankiuzona.lt\/ru\/wp-json\/wp\/v2\/comments?post=228373"}],"version-history":[{"count":1,"href":"https:\/\/irankiuzona.lt\/ru\/wp-json\/wp\/v2\/product\/228373\/revisions"}],"predecessor-version":[{"id":411463,"href":"https:\/\/irankiuzona.lt\/ru\/wp-json\/wp\/v2\/product\/228373\/revisions\/411463"}],"wp:featuredmedia":[{"embeddable":true,"href":"https:\/\/irankiuzona.lt\/ru\/wp-json\/wp\/v2\/media\/228375"}],"wp:attachment":[{"href":"https:\/\/irankiuzona.lt\/ru\/wp-json\/wp\/v2\/media?parent=228373"}],"wp:term":[{"taxonomy":"product_cat","embeddable":true,"href":"https:\/\/irankiuzona.lt\/ru\/wp-json\/wp\/v2\/product_cat?post=228373"},{"taxonomy":"product_tag","embeddable":true,"href":"https:\/\/irankiuzona.lt\/ru\/wp-json\/wp\/v2\/product_tag?post=228373"}],"curies":[{"name":"wp","href":"https:\/\/api.w.org\/{rel}","templated":true}]}}