{"id":228376,"date":"2024-09-29T02:30:17","date_gmt":"2024-09-29T02:30:17","guid":{"rendered":"https:\/\/irankiuzona.lt\/product\/irankis-kuro-filtrams-opelfiatlancia\/"},"modified":"2026-04-17T02:59:27","modified_gmt":"2026-04-17T02:59:27","slug":"irankis-kuro-filtrams-opelfiatlancia","status":"publish","type":"product","link":"https:\/\/irankiuzona.lt\/ru\/product\/irankis-kuro-filtrams-opelfiatlancia\/","title":{"rendered":"\u012erankis kuro filtrams Opel,Fiat,Lancia"},"content":{"rendered":"<p>\u00a0<\/p>\n<p>zur Vermeidung von Sch\u00e4den am Filtergeh\u00e4use<\/p>\n<p>geeignet zum Anzug mit Drehmomentschl\u00fcssel<br \/>\nf\u00fcr Opel und Fiat\/Lancia Motoren<br \/>\nDas Kraftstoff-Filtergeh\u00e4use wird zun\u00e4chst ausgebaut und in der Kunststoff-Spannbacke in einen Schraubstock eingespannt. Danach wird der Geh\u00e4usedeckel problemlos mit dem beiliegenden Schl\u00fcssel abgeschraubt, um den Filtereinsatz auszutauschen.<\/p>\n<p> zum Beispiel f\u00fcr Motorcodes: D13A, Z13DT, Z13DTH, Z13DTJ, Z19DT, Z19DTL, Z19DTH<\/p>","protected":false},"excerpt":{"rendered":"<p>\u012erankis kuro filtrams Opel,Fiat,Lancia<\/p>","protected":false},"featured_media":228378,"comment_status":"open","ping_status":"open","template":"","meta":[],"product_cat":[9614],"product_tag":[9462],"class_list":{"0":"post-228376","1":"product","2":"type-product","3":"status-publish","4":"has-post-thumbnail","6":"product_brand-condor-werkzeug-vokietija","7":"product_cat-irankiai-kuro-bakui-kuro-filtrui","8":"product_tag-condor-werkzeug-vokietija","10":"first","11":"outofstock","12":"purchasable","13":"product-type-simple"},"jetpack_sharing_enabled":true,"_links":{"self":[{"href":"https:\/\/irankiuzona.lt\/ru\/wp-json\/wp\/v2\/product\/228376","targetHints":{"allow":["GET"]}}],"collection":[{"href":"https:\/\/irankiuzona.lt\/ru\/wp-json\/wp\/v2\/product"}],"about":[{"href":"https:\/\/irankiuzona.lt\/ru\/wp-json\/wp\/v2\/types\/product"}],"replies":[{"embeddable":true,"href":"https:\/\/irankiuzona.lt\/ru\/wp-json\/wp\/v2\/comments?post=228376"}],"version-history":[{"count":1,"href":"https:\/\/irankiuzona.lt\/ru\/wp-json\/wp\/v2\/product\/228376\/revisions"}],"predecessor-version":[{"id":411464,"href":"https:\/\/irankiuzona.lt\/ru\/wp-json\/wp\/v2\/product\/228376\/revisions\/411464"}],"wp:featuredmedia":[{"embeddable":true,"href":"https:\/\/irankiuzona.lt\/ru\/wp-json\/wp\/v2\/media\/228378"}],"wp:attachment":[{"href":"https:\/\/irankiuzona.lt\/ru\/wp-json\/wp\/v2\/media?parent=228376"}],"wp:term":[{"taxonomy":"product_cat","embeddable":true,"href":"https:\/\/irankiuzona.lt\/ru\/wp-json\/wp\/v2\/product_cat?post=228376"},{"taxonomy":"product_tag","embeddable":true,"href":"https:\/\/irankiuzona.lt\/ru\/wp-json\/wp\/v2\/product_tag?post=228376"}],"curies":[{"name":"wp","href":"https:\/\/api.w.org\/{rel}","templated":true}]}}