{"id":228488,"date":"2024-09-29T02:30:29","date_gmt":"2024-09-29T02:30:29","guid":{"rendered":"https:\/\/irankiuzona.lt\/product\/verzliasukis-pneumatinis-1-2-1491nm-trumpas\/"},"modified":"2026-05-15T04:39:22","modified_gmt":"2026-05-15T04:39:22","slug":"verzliasukis-pneumatinis-1-2-1491nm-trumpas","status":"publish","type":"product","link":"https:\/\/irankiuzona.lt\/ru\/product\/verzliasukis-pneumatinis-1-2-1491nm-trumpas\/","title":{"rendered":"Ver\u017eliasukis pneumatinis 1\/2&quot; 1491Nm trumpas"},"content":{"rendered":"<p>Metalinis, trumpas korpusas (120mm ilgio iki galvos u\u017ed\u0117jimo galo, bendras ilgis 140mm)Itin lengvas &#8211; 1,8kg.Trys atsukimo grei\u010diai \/ Trys u\u017esukimo grei\u010diai  Ver\u017eliasukio dydis &#8211; 1\/2&quot; Var\u017eto dydis &#8211; 25 mm (1&quot;) Sukimo momento diapazonas (Nm) &#8211; 271-1220 Maksimalus sukimo momentas FT-LB (Nm) &#8211; 1491 Laisvi s\u016bkiai per minut\u0119 &#8211; 9000 Vid. oro s\u0105naudos CFM (l \/ min) &#8211; 144 Oro sl\u0117gis barais (PSI) &#8211; 6,3 bar ( 90 PSI ) Bendras Ilgis mm &#8211; 141 Neto mas\u0117 (kg) &#8211; 1,8 Oro \u017earna coli\u0173 &#8211; 3\/8&quot; ( 10 mm\u00a0) Garso sl\u0117gio EN ISO 15744 dBA &#8211; 85 Vibracijos lygis &#8211; 2,8 m\/s2<\/p>","protected":false},"excerpt":{"rendered":"<p>Pneumatinis ver\u017eliasukis 1\/2&quot; 1491Nm \/ Mighty-Seven<\/p>","protected":false},"featured_media":228490,"comment_status":"open","ping_status":"open","template":"","meta":[],"product_cat":[9667],"product_tag":[9875],"class_list":{"0":"post-228488","1":"product","2":"type-product","3":"status-publish","4":"has-post-thumbnail","6":"product_brand-mighty-seven-m7","7":"product_cat-pneumatiniai-verzliasukiai","8":"product_tag-mighty-seven-m7","10":"first","11":"instock","12":"purchasable","13":"product-type-simple"},"jetpack_sharing_enabled":true,"_links":{"self":[{"href":"https:\/\/irankiuzona.lt\/ru\/wp-json\/wp\/v2\/product\/228488","targetHints":{"allow":["GET"]}}],"collection":[{"href":"https:\/\/irankiuzona.lt\/ru\/wp-json\/wp\/v2\/product"}],"about":[{"href":"https:\/\/irankiuzona.lt\/ru\/wp-json\/wp\/v2\/types\/product"}],"replies":[{"embeddable":true,"href":"https:\/\/irankiuzona.lt\/ru\/wp-json\/wp\/v2\/comments?post=228488"}],"version-history":[{"count":1,"href":"https:\/\/irankiuzona.lt\/ru\/wp-json\/wp\/v2\/product\/228488\/revisions"}],"predecessor-version":[{"id":411500,"href":"https:\/\/irankiuzona.lt\/ru\/wp-json\/wp\/v2\/product\/228488\/revisions\/411500"}],"wp:featuredmedia":[{"embeddable":true,"href":"https:\/\/irankiuzona.lt\/ru\/wp-json\/wp\/v2\/media\/228490"}],"wp:attachment":[{"href":"https:\/\/irankiuzona.lt\/ru\/wp-json\/wp\/v2\/media?parent=228488"}],"wp:term":[{"taxonomy":"product_cat","embeddable":true,"href":"https:\/\/irankiuzona.lt\/ru\/wp-json\/wp\/v2\/product_cat?post=228488"},{"taxonomy":"product_tag","embeddable":true,"href":"https:\/\/irankiuzona.lt\/ru\/wp-json\/wp\/v2\/product_tag?post=228488"}],"curies":[{"name":"wp","href":"https:\/\/api.w.org\/{rel}","templated":true}]}}