{"id":228634,"date":"2024-09-29T02:30:42","date_gmt":"2024-09-29T02:30:42","guid":{"rendered":"https:\/\/irankiuzona.lt\/product\/trumpi-kombinuoti-raktai-c-formos-raktai-10-19mm-su-ideklu-vezimeliui-15-daliu\/"},"modified":"2026-04-12T06:47:04","modified_gmt":"2026-04-12T06:47:04","slug":"trumpi-kombinuoti-raktai-c-formos-raktai-10-19mm-su-ideklu-vezimeliui-15-daliu","status":"publish","type":"product","link":"https:\/\/irankiuzona.lt\/ru\/product\/trumpi-kombinuoti-raktai-c-formos-raktai-10-19mm-su-ideklu-vezimeliui-15-daliu\/","title":{"rendered":"Trumpi kombinuoti raktai + C formos raktai 10-19mm su \u012fd\u0117klu ve\u017eim\u0117liui 15 dali\u0173"},"content":{"rendered":"<p>\u012ed\u0117klo dydis stal\u010diuje &#8211; 1\/3 (36x185x395 mm) Chrom-Vanadium-Stahl  Komplekte: Poliruoti raktai trumpi : 10-19 mm  Poliruoti raktai C formos : 10&#215;11 \/ 12&#215;13 \/ 14&#215;15 \/ 16&#215;17 \/ 18&#215;19<\/p>","protected":false},"excerpt":{"rendered":"<p>Trumpi kombinuoti raktai + C formos raktai 10-19mm su \u012fd\u0117klu ve\u017eim\u0117liui 15 dali\u0173<\/p>","protected":false},"featured_media":228636,"comment_status":"open","ping_status":"open","template":"","meta":[],"product_cat":[9870],"product_tag":[9462],"class_list":{"0":"post-228634","1":"product","2":"type-product","3":"status-publish","4":"has-post-thumbnail","6":"product_brand-condor-werkzeug-vokietija","7":"product_cat-deklai-i-vezimus-su-irankiais-ir-tusti","8":"product_tag-condor-werkzeug-vokietija","10":"first","11":"instock","12":"purchasable","13":"product-type-simple"},"jetpack_sharing_enabled":true,"_links":{"self":[{"href":"https:\/\/irankiuzona.lt\/ru\/wp-json\/wp\/v2\/product\/228634","targetHints":{"allow":["GET"]}}],"collection":[{"href":"https:\/\/irankiuzona.lt\/ru\/wp-json\/wp\/v2\/product"}],"about":[{"href":"https:\/\/irankiuzona.lt\/ru\/wp-json\/wp\/v2\/types\/product"}],"replies":[{"embeddable":true,"href":"https:\/\/irankiuzona.lt\/ru\/wp-json\/wp\/v2\/comments?post=228634"}],"version-history":[{"count":1,"href":"https:\/\/irankiuzona.lt\/ru\/wp-json\/wp\/v2\/product\/228634\/revisions"}],"predecessor-version":[{"id":411545,"href":"https:\/\/irankiuzona.lt\/ru\/wp-json\/wp\/v2\/product\/228634\/revisions\/411545"}],"wp:featuredmedia":[{"embeddable":true,"href":"https:\/\/irankiuzona.lt\/ru\/wp-json\/wp\/v2\/media\/228636"}],"wp:attachment":[{"href":"https:\/\/irankiuzona.lt\/ru\/wp-json\/wp\/v2\/media?parent=228634"}],"wp:term":[{"taxonomy":"product_cat","embeddable":true,"href":"https:\/\/irankiuzona.lt\/ru\/wp-json\/wp\/v2\/product_cat?post=228634"},{"taxonomy":"product_tag","embeddable":true,"href":"https:\/\/irankiuzona.lt\/ru\/wp-json\/wp\/v2\/product_tag?post=228634"}],"curies":[{"name":"wp","href":"https:\/\/api.w.org\/{rel}","templated":true}]}}