{"id":228637,"date":"2024-09-29T02:30:42","date_gmt":"2024-09-29T02:30:42","guid":{"rendered":"https:\/\/irankiuzona.lt\/product\/kombinuotu-raktu-k-tas-2135-17-6-24mm-su-deklu-vezimeliui-17-daliu\/"},"modified":"2026-04-12T07:56:02","modified_gmt":"2026-04-12T07:56:02","slug":"kombinuotu-raktu-k-tas-2135-17-6-24mm-su-deklu-vezimeliui-17-daliu","status":"publish","type":"product","link":"https:\/\/irankiuzona.lt\/ru\/product\/kombinuotu-raktu-k-tas-2135-17-6-24mm-su-deklu-vezimeliui-17-daliu\/","title":{"rendered":"Kombinuot\u0173 rakt\u0173 k-tas (2135\/17) 6-24mm \/ su d\u0117klu ve\u017eim\u0117liui 17 dali\u0173"},"content":{"rendered":"<p>\u012ed\u0117klo dydis stal\u010diuje &#8211; 1\/3 (36x185x395 mm) Chrom-Vanadium-Stahl  Komplekte: Poliruoti raktai\u00a0:\u00a06 &#8211; 24 mm ( 17 vnt. )<\/p>","protected":false},"excerpt":{"rendered":"<p>Kombinuot\u0173 rakt\u0173 k-tas (2135\/17) 6-24mm su \u012fd\u0117klu ve\u017eim\u0117liui 17 dali\u0173<\/p>","protected":false},"featured_media":228639,"comment_status":"open","ping_status":"open","template":"","meta":[],"product_cat":[9870],"product_tag":[9462],"class_list":{"0":"post-228637","1":"product","2":"type-product","3":"status-publish","4":"has-post-thumbnail","6":"product_brand-condor-werkzeug-vokietija","7":"product_cat-deklai-i-vezimus-su-irankiais-ir-tusti","8":"product_tag-condor-werkzeug-vokietija","10":"first","11":"outofstock","12":"purchasable","13":"product-type-simple"},"jetpack_sharing_enabled":true,"_links":{"self":[{"href":"https:\/\/irankiuzona.lt\/ru\/wp-json\/wp\/v2\/product\/228637","targetHints":{"allow":["GET"]}}],"collection":[{"href":"https:\/\/irankiuzona.lt\/ru\/wp-json\/wp\/v2\/product"}],"about":[{"href":"https:\/\/irankiuzona.lt\/ru\/wp-json\/wp\/v2\/types\/product"}],"replies":[{"embeddable":true,"href":"https:\/\/irankiuzona.lt\/ru\/wp-json\/wp\/v2\/comments?post=228637"}],"version-history":[{"count":1,"href":"https:\/\/irankiuzona.lt\/ru\/wp-json\/wp\/v2\/product\/228637\/revisions"}],"predecessor-version":[{"id":411546,"href":"https:\/\/irankiuzona.lt\/ru\/wp-json\/wp\/v2\/product\/228637\/revisions\/411546"}],"wp:featuredmedia":[{"embeddable":true,"href":"https:\/\/irankiuzona.lt\/ru\/wp-json\/wp\/v2\/media\/228639"}],"wp:attachment":[{"href":"https:\/\/irankiuzona.lt\/ru\/wp-json\/wp\/v2\/media?parent=228637"}],"wp:term":[{"taxonomy":"product_cat","embeddable":true,"href":"https:\/\/irankiuzona.lt\/ru\/wp-json\/wp\/v2\/product_cat?post=228637"},{"taxonomy":"product_tag","embeddable":true,"href":"https:\/\/irankiuzona.lt\/ru\/wp-json\/wp\/v2\/product_tag?post=228637"}],"curies":[{"name":"wp","href":"https:\/\/api.w.org\/{rel}","templated":true}]}}