{"id":228649,"date":"2024-09-29T02:30:43","date_gmt":"2024-09-29T02:30:43","guid":{"rendered":"https:\/\/irankiuzona.lt\/product\/uzluzusiu-pakaitinimo-zvakiu-galiuku-istraukimo-komplektas-m8-m10\/"},"modified":"2026-04-16T14:06:12","modified_gmt":"2026-04-16T14:06:12","slug":"uzluzusiu-pakaitinimo-zvakiu-galiuku-istraukimo-komplektas-m8-m10","status":"publish","type":"product","link":"https:\/\/irankiuzona.lt\/ru\/product\/uzluzusiu-pakaitinimo-zvakiu-galiuku-istraukimo-komplektas-m8-m10\/","title":{"rendered":"U\u017el\u016b\u017eusi\u0173 pakaitinimo \u017evaki\u0173 galiuk\u0173 i\u0161traukimo komplektas M8\/M10"},"content":{"rendered":"<p>M8x1.0 \/ M10x1.0 \/ M10x1.25<\/p>\n<p>to drill out damaged glow plug tips<br \/>\ncomprehensive set for the most popular glow plug sizes<br \/>\nfor glow plugs with thread M8x1.0, M10x1.0 and M10x1.25<br \/>\nenables disassembly also in installed positions, therefore providing time and cost savings<br \/>\nwith 9 different pilot adapters for precise working<br \/>\nextra long drills and thread cutters<br \/>\nextraction adapters with ball bearing<br \/>\nextra long extraction spindles<br \/>\nextraction nuts with pilot cone  \u00a0<\/p>","protected":false},"excerpt":{"rendered":"<p>U\u017el\u016b\u017eusi\u0173 pakaitinimo \u017evaki\u0173 galiuk\u0173 i\u0161traukimo komplektas M8\/M10<\/p>","protected":false},"featured_media":228651,"comment_status":"open","ping_status":"open","template":"","meta":[],"product_cat":[9699],"product_tag":[9462],"class_list":{"0":"post-228649","1":"product","2":"type-product","3":"status-publish","4":"has-post-thumbnail","6":"product_brand-condor-werkzeug-vokietija","7":"product_cat-uzluzusiu-zvakiu-remontui","8":"product_tag-condor-werkzeug-vokietija","10":"first","11":"instock","12":"purchasable","13":"product-type-simple"},"jetpack_sharing_enabled":true,"_links":{"self":[{"href":"https:\/\/irankiuzona.lt\/ru\/wp-json\/wp\/v2\/product\/228649","targetHints":{"allow":["GET"]}}],"collection":[{"href":"https:\/\/irankiuzona.lt\/ru\/wp-json\/wp\/v2\/product"}],"about":[{"href":"https:\/\/irankiuzona.lt\/ru\/wp-json\/wp\/v2\/types\/product"}],"replies":[{"embeddable":true,"href":"https:\/\/irankiuzona.lt\/ru\/wp-json\/wp\/v2\/comments?post=228649"}],"version-history":[{"count":1,"href":"https:\/\/irankiuzona.lt\/ru\/wp-json\/wp\/v2\/product\/228649\/revisions"}],"predecessor-version":[{"id":411549,"href":"https:\/\/irankiuzona.lt\/ru\/wp-json\/wp\/v2\/product\/228649\/revisions\/411549"}],"wp:featuredmedia":[{"embeddable":true,"href":"https:\/\/irankiuzona.lt\/ru\/wp-json\/wp\/v2\/media\/228651"}],"wp:attachment":[{"href":"https:\/\/irankiuzona.lt\/ru\/wp-json\/wp\/v2\/media?parent=228649"}],"wp:term":[{"taxonomy":"product_cat","embeddable":true,"href":"https:\/\/irankiuzona.lt\/ru\/wp-json\/wp\/v2\/product_cat?post=228649"},{"taxonomy":"product_tag","embeddable":true,"href":"https:\/\/irankiuzona.lt\/ru\/wp-json\/wp\/v2\/product_tag?post=228649"}],"curies":[{"name":"wp","href":"https:\/\/api.w.org\/{rel}","templated":true}]}}