{"id":228694,"date":"2024-09-29T02:30:48","date_gmt":"2024-09-29T02:30:48","guid":{"rendered":"https:\/\/irankiuzona.lt\/product\/graztas-6-mm-stiklui-keramikai-medziui-aliuminiui-ir-pvc\/"},"modified":"2026-04-16T12:53:22","modified_gmt":"2026-04-16T12:53:22","slug":"graztas-6-mm-stiklui-keramikai-medziui-aliuminiui-ir-pvc","status":"publish","type":"product","link":"https:\/\/irankiuzona.lt\/ru\/product\/graztas-6-mm-stiklui-keramikai-medziui-aliuminiui-ir-pvc\/","title":{"rendered":"Gr\u0105\u017etas 6 mm stiklui, keramikai, med\u017eiui, aliuminiui ir PVC"},"content":{"rendered":"<p>Diametras: 6\u00a0mm<br \/>\nTinka gr\u0119\u017eti: stikl\u0105, keramik\u0105, med\u012f, aliumin\u012f ir PVC<\/p>","protected":false},"excerpt":{"rendered":"<p>Gr\u0105\u017etas 6 mm stiklui, keramikai, med\u017eiui, aliuminiui ir PVC<\/p>","protected":false},"featured_media":228696,"comment_status":"open","ping_status":"open","template":"","meta":[],"product_cat":[9859],"product_tag":[9628],"class_list":{"0":"post-228694","1":"product","2":"type-product","3":"status-publish","4":"has-post-thumbnail","6":"product_brand-condor-lenkija","7":"product_cat-graztai-stiklui","8":"product_tag-condor-lenkija","10":"first","11":"instock","12":"purchasable","13":"product-type-simple"},"jetpack_sharing_enabled":true,"_links":{"self":[{"href":"https:\/\/irankiuzona.lt\/ru\/wp-json\/wp\/v2\/product\/228694","targetHints":{"allow":["GET"]}}],"collection":[{"href":"https:\/\/irankiuzona.lt\/ru\/wp-json\/wp\/v2\/product"}],"about":[{"href":"https:\/\/irankiuzona.lt\/ru\/wp-json\/wp\/v2\/types\/product"}],"replies":[{"embeddable":true,"href":"https:\/\/irankiuzona.lt\/ru\/wp-json\/wp\/v2\/comments?post=228694"}],"version-history":[{"count":1,"href":"https:\/\/irankiuzona.lt\/ru\/wp-json\/wp\/v2\/product\/228694\/revisions"}],"predecessor-version":[{"id":411560,"href":"https:\/\/irankiuzona.lt\/ru\/wp-json\/wp\/v2\/product\/228694\/revisions\/411560"}],"wp:featuredmedia":[{"embeddable":true,"href":"https:\/\/irankiuzona.lt\/ru\/wp-json\/wp\/v2\/media\/228696"}],"wp:attachment":[{"href":"https:\/\/irankiuzona.lt\/ru\/wp-json\/wp\/v2\/media?parent=228694"}],"wp:term":[{"taxonomy":"product_cat","embeddable":true,"href":"https:\/\/irankiuzona.lt\/ru\/wp-json\/wp\/v2\/product_cat?post=228694"},{"taxonomy":"product_tag","embeddable":true,"href":"https:\/\/irankiuzona.lt\/ru\/wp-json\/wp\/v2\/product_tag?post=228694"}],"curies":[{"name":"wp","href":"https:\/\/api.w.org\/{rel}","templated":true}]}}