{"id":228767,"date":"2024-09-29T02:30:55","date_gmt":"2024-09-29T02:30:55","guid":{"rendered":"https:\/\/irankiuzona.lt\/product\/sepetys-zvakiu-pravalymui\/"},"modified":"2026-04-13T18:23:45","modified_gmt":"2026-04-13T18:23:45","slug":"sepetys-zvakiu-pravalymui","status":"publish","type":"product","link":"https:\/\/irankiuzona.lt\/ru\/product\/sepetys-zvakiu-pravalymui\/","title":{"rendered":"\u0161epetys \u017evaki\u0173 pravalymui"},"content":{"rendered":"<p>\u017dalvario viela, 3 eilu\u010di\u0173 Idealiai tinka \u017evaki\u0173 elektrodo valymui<\/p>","protected":false},"excerpt":{"rendered":"<p>\u0160epetys \u017evaki\u0173 pravalymui<\/p>","protected":false},"featured_media":228769,"comment_status":"open","ping_status":"open","template":"","meta":[],"product_cat":[9794],"product_tag":[9462],"class_list":{"0":"post-228767","1":"product","2":"type-product","3":"status-publish","4":"has-post-thumbnail","6":"product_brand-condor-werkzeug-vokietija","7":"product_cat-sepeteliai-zvakems","8":"product_tag-condor-werkzeug-vokietija","10":"first","11":"instock","12":"purchasable","13":"product-type-simple"},"jetpack_sharing_enabled":true,"_links":{"self":[{"href":"https:\/\/irankiuzona.lt\/ru\/wp-json\/wp\/v2\/product\/228767","targetHints":{"allow":["GET"]}}],"collection":[{"href":"https:\/\/irankiuzona.lt\/ru\/wp-json\/wp\/v2\/product"}],"about":[{"href":"https:\/\/irankiuzona.lt\/ru\/wp-json\/wp\/v2\/types\/product"}],"replies":[{"embeddable":true,"href":"https:\/\/irankiuzona.lt\/ru\/wp-json\/wp\/v2\/comments?post=228767"}],"version-history":[{"count":1,"href":"https:\/\/irankiuzona.lt\/ru\/wp-json\/wp\/v2\/product\/228767\/revisions"}],"predecessor-version":[{"id":411582,"href":"https:\/\/irankiuzona.lt\/ru\/wp-json\/wp\/v2\/product\/228767\/revisions\/411582"}],"wp:featuredmedia":[{"embeddable":true,"href":"https:\/\/irankiuzona.lt\/ru\/wp-json\/wp\/v2\/media\/228769"}],"wp:attachment":[{"href":"https:\/\/irankiuzona.lt\/ru\/wp-json\/wp\/v2\/media?parent=228767"}],"wp:term":[{"taxonomy":"product_cat","embeddable":true,"href":"https:\/\/irankiuzona.lt\/ru\/wp-json\/wp\/v2\/product_cat?post=228767"},{"taxonomy":"product_tag","embeddable":true,"href":"https:\/\/irankiuzona.lt\/ru\/wp-json\/wp\/v2\/product_tag?post=228767"}],"curies":[{"name":"wp","href":"https:\/\/api.w.org\/{rel}","templated":true}]}}