{"id":228823,"date":"2024-09-29T02:30:59","date_gmt":"2024-09-29T02:30:59","guid":{"rendered":"https:\/\/irankiuzona.lt\/product\/grezimo-karuna-bi-metal-114-mm\/"},"modified":"2026-04-03T22:07:01","modified_gmt":"2026-04-03T22:07:01","slug":"grezimo-karuna-bi-metal-114-mm","status":"publish","type":"product","link":"https:\/\/irankiuzona.lt\/ru\/product\/grezimo-karuna-bi-metal-114-mm\/","title":{"rendered":"Gr\u0119\u017eimo kar\u016bna Bi metal 114 mm"},"content":{"rendered":"<p>Kar\u016bnos diametras 114 mm<\/p>","protected":false},"excerpt":{"rendered":"<p>Gr\u0119\u017eimo kar\u016bna Bi metal 114 mm<\/p>","protected":false},"featured_media":228825,"comment_status":"open","ping_status":"open","template":"","meta":[],"product_cat":[9710],"product_tag":[9628],"class_list":{"0":"post-228823","1":"product","2":"type-product","3":"status-publish","4":"has-post-thumbnail","6":"product_brand-condor-lenkija","7":"product_cat-grezimo-karunos-metalui-medziui","8":"product_tag-condor-lenkija","10":"first","11":"instock","12":"purchasable","13":"product-type-simple"},"jetpack_sharing_enabled":true,"_links":{"self":[{"href":"https:\/\/irankiuzona.lt\/ru\/wp-json\/wp\/v2\/product\/228823","targetHints":{"allow":["GET"]}}],"collection":[{"href":"https:\/\/irankiuzona.lt\/ru\/wp-json\/wp\/v2\/product"}],"about":[{"href":"https:\/\/irankiuzona.lt\/ru\/wp-json\/wp\/v2\/types\/product"}],"replies":[{"embeddable":true,"href":"https:\/\/irankiuzona.lt\/ru\/wp-json\/wp\/v2\/comments?post=228823"}],"version-history":[{"count":0,"href":"https:\/\/irankiuzona.lt\/ru\/wp-json\/wp\/v2\/product\/228823\/revisions"}],"wp:featuredmedia":[{"embeddable":true,"href":"https:\/\/irankiuzona.lt\/ru\/wp-json\/wp\/v2\/media\/228825"}],"wp:attachment":[{"href":"https:\/\/irankiuzona.lt\/ru\/wp-json\/wp\/v2\/media?parent=228823"}],"wp:term":[{"taxonomy":"product_cat","embeddable":true,"href":"https:\/\/irankiuzona.lt\/ru\/wp-json\/wp\/v2\/product_cat?post=228823"},{"taxonomy":"product_tag","embeddable":true,"href":"https:\/\/irankiuzona.lt\/ru\/wp-json\/wp\/v2\/product_tag?post=228823"}],"curies":[{"name":"wp","href":"https:\/\/api.w.org\/{rel}","templated":true}]}}