{"id":228847,"date":"2024-09-29T02:31:02","date_gmt":"2024-09-29T02:31:02","guid":{"rendered":"https:\/\/irankiuzona.lt\/product\/sepetys-5-eiliu-dexter\/"},"modified":"2025-05-06T06:05:48","modified_gmt":"2025-05-06T06:05:48","slug":"sepetys-5-eiliu-dexter","status":"publish","type":"product","link":"https:\/\/irankiuzona.lt\/ru\/product\/sepetys-5-eiliu-dexter\/","title":{"rendered":"\u0160epetys 5 eili\u0173  DEXTER"},"content":{"rendered":"","protected":false},"excerpt":{"rendered":"<p>\u0160epetys 5 eili\u0173\u00a0 DEXTER<\/p>","protected":false},"featured_media":228849,"comment_status":"open","ping_status":"open","template":"","meta":[],"product_cat":[9609],"product_tag":[9628],"class_list":{"0":"post-228847","1":"product","2":"type-product","3":"status-publish","4":"has-post-thumbnail","6":"product_brand-condor-lenkija","7":"product_cat-rankiniai-sepeciai","8":"product_tag-condor-lenkija","10":"first","11":"outofstock","12":"purchasable","13":"product-type-simple"},"jetpack_sharing_enabled":true,"_links":{"self":[{"href":"https:\/\/irankiuzona.lt\/ru\/wp-json\/wp\/v2\/product\/228847","targetHints":{"allow":["GET"]}}],"collection":[{"href":"https:\/\/irankiuzona.lt\/ru\/wp-json\/wp\/v2\/product"}],"about":[{"href":"https:\/\/irankiuzona.lt\/ru\/wp-json\/wp\/v2\/types\/product"}],"replies":[{"embeddable":true,"href":"https:\/\/irankiuzona.lt\/ru\/wp-json\/wp\/v2\/comments?post=228847"}],"version-history":[{"count":0,"href":"https:\/\/irankiuzona.lt\/ru\/wp-json\/wp\/v2\/product\/228847\/revisions"}],"wp:featuredmedia":[{"embeddable":true,"href":"https:\/\/irankiuzona.lt\/ru\/wp-json\/wp\/v2\/media\/228849"}],"wp:attachment":[{"href":"https:\/\/irankiuzona.lt\/ru\/wp-json\/wp\/v2\/media?parent=228847"}],"wp:term":[{"taxonomy":"product_cat","embeddable":true,"href":"https:\/\/irankiuzona.lt\/ru\/wp-json\/wp\/v2\/product_cat?post=228847"},{"taxonomy":"product_tag","embeddable":true,"href":"https:\/\/irankiuzona.lt\/ru\/wp-json\/wp\/v2\/product_tag?post=228847"}],"curies":[{"name":"wp","href":"https:\/\/api.w.org\/{rel}","templated":true}]}}