{"id":228855,"date":"2024-09-29T02:31:03","date_gmt":"2024-09-29T02:31:03","guid":{"rendered":"https:\/\/irankiuzona.lt\/product\/skalpelis-105mm-16-gelezciu\/"},"modified":"2026-05-14T04:31:58","modified_gmt":"2026-05-14T04:31:58","slug":"skalpelis-105mm-16-gelezciu","status":"publish","type":"product","link":"https:\/\/irankiuzona.lt\/ru\/product\/skalpelis-105mm-16-gelezciu\/","title":{"rendered":"Skalpelis 10,5mm + 16 gele\u017e\u010di\u0173"},"content":{"rendered":"<p>Professional version of scalpel with exchangeable blades. Plastic handle, non-skid part in the gripping place. 16 pc of spare blades are also included.<\/p>","protected":false},"excerpt":{"rendered":"<p>Skalpelis-peiliukas 10,5mm + 16 gele\u017e\u010di\u0173<\/p>","protected":false},"featured_media":228857,"comment_status":"open","ping_status":"open","template":"","meta":[],"product_cat":[9736],"product_tag":[9778],"class_list":{"0":"post-228855","1":"product","2":"type-product","3":"status-publish","4":"has-post-thumbnail","6":"product_brand-triumf-professional-tools-slovakija","7":"product_cat-peiliukai-tapetams-geleztes-peiliai","8":"product_tag-triumf-professional-tools-slovakija","10":"first","11":"instock","12":"purchasable","13":"product-type-simple"},"jetpack_sharing_enabled":true,"_links":{"self":[{"href":"https:\/\/irankiuzona.lt\/ru\/wp-json\/wp\/v2\/product\/228855","targetHints":{"allow":["GET"]}}],"collection":[{"href":"https:\/\/irankiuzona.lt\/ru\/wp-json\/wp\/v2\/product"}],"about":[{"href":"https:\/\/irankiuzona.lt\/ru\/wp-json\/wp\/v2\/types\/product"}],"replies":[{"embeddable":true,"href":"https:\/\/irankiuzona.lt\/ru\/wp-json\/wp\/v2\/comments?post=228855"}],"version-history":[{"count":1,"href":"https:\/\/irankiuzona.lt\/ru\/wp-json\/wp\/v2\/product\/228855\/revisions"}],"predecessor-version":[{"id":411604,"href":"https:\/\/irankiuzona.lt\/ru\/wp-json\/wp\/v2\/product\/228855\/revisions\/411604"}],"wp:featuredmedia":[{"embeddable":true,"href":"https:\/\/irankiuzona.lt\/ru\/wp-json\/wp\/v2\/media\/228857"}],"wp:attachment":[{"href":"https:\/\/irankiuzona.lt\/ru\/wp-json\/wp\/v2\/media?parent=228855"}],"wp:term":[{"taxonomy":"product_cat","embeddable":true,"href":"https:\/\/irankiuzona.lt\/ru\/wp-json\/wp\/v2\/product_cat?post=228855"},{"taxonomy":"product_tag","embeddable":true,"href":"https:\/\/irankiuzona.lt\/ru\/wp-json\/wp\/v2\/product_tag?post=228855"}],"curies":[{"name":"wp","href":"https:\/\/api.w.org\/{rel}","templated":true}]}}