{"id":228924,"date":"2024-09-29T02:40:09","date_gmt":"2024-09-29T02:40:09","guid":{"rendered":"https:\/\/irankiuzona.lt\/product\/nuemejas-reguliuojamas-trikojis-90-100mm-profi\/"},"modified":"2026-03-28T09:15:31","modified_gmt":"2026-03-28T09:15:31","slug":"nuemejas-reguliuojamas-trikojis-90-100mm-profi","status":"publish","type":"product","link":"https:\/\/irankiuzona.lt\/ru\/product\/nuemejas-reguliuojamas-trikojis-90-100mm-profi\/","title":{"rendered":"Nu\u0117m\u0117jas reguliuojamas trikojis 90-100mm PROFI"},"content":{"rendered":"","protected":false},"excerpt":{"rendered":"<p>Nu\u0117m\u0117jas reguliuojamas trikojis 90-100mm PROFI<\/p>","protected":false},"featured_media":228926,"comment_status":"open","ping_status":"open","template":"","meta":[],"product_cat":[9579],"product_tag":[9778],"class_list":{"0":"post-228924","1":"product","2":"type-product","3":"status-publish","4":"has-post-thumbnail","6":"product_brand-triumf-professional-tools-slovakija","7":"product_cat-trikojai-nuemejai","8":"product_tag-triumf-professional-tools-slovakija","10":"first","11":"outofstock","12":"purchasable","13":"product-type-simple"},"jetpack_sharing_enabled":true,"_links":{"self":[{"href":"https:\/\/irankiuzona.lt\/ru\/wp-json\/wp\/v2\/product\/228924","targetHints":{"allow":["GET"]}}],"collection":[{"href":"https:\/\/irankiuzona.lt\/ru\/wp-json\/wp\/v2\/product"}],"about":[{"href":"https:\/\/irankiuzona.lt\/ru\/wp-json\/wp\/v2\/types\/product"}],"replies":[{"embeddable":true,"href":"https:\/\/irankiuzona.lt\/ru\/wp-json\/wp\/v2\/comments?post=228924"}],"version-history":[{"count":1,"href":"https:\/\/irankiuzona.lt\/ru\/wp-json\/wp\/v2\/product\/228924\/revisions"}],"predecessor-version":[{"id":411622,"href":"https:\/\/irankiuzona.lt\/ru\/wp-json\/wp\/v2\/product\/228924\/revisions\/411622"}],"wp:featuredmedia":[{"embeddable":true,"href":"https:\/\/irankiuzona.lt\/ru\/wp-json\/wp\/v2\/media\/228926"}],"wp:attachment":[{"href":"https:\/\/irankiuzona.lt\/ru\/wp-json\/wp\/v2\/media?parent=228924"}],"wp:term":[{"taxonomy":"product_cat","embeddable":true,"href":"https:\/\/irankiuzona.lt\/ru\/wp-json\/wp\/v2\/product_cat?post=228924"},{"taxonomy":"product_tag","embeddable":true,"href":"https:\/\/irankiuzona.lt\/ru\/wp-json\/wp\/v2\/product_tag?post=228924"}],"curies":[{"name":"wp","href":"https:\/\/api.w.org\/{rel}","templated":true}]}}