{"id":228980,"date":"2024-09-29T02:40:14","date_gmt":"2024-09-29T02:40:14","guid":{"rendered":"https:\/\/irankiuzona.lt\/product\/sepetys-100mm-plokscias-m14-sriegiu\/"},"modified":"2026-05-15T12:51:42","modified_gmt":"2026-05-15T12:51:42","slug":"sepetys-100mm-plokscias-m14-sriegiu","status":"publish","type":"product","link":"https:\/\/irankiuzona.lt\/ru\/product\/sepetys-100mm-plokscias-m14-sriegiu\/","title":{"rendered":"\u0161epetys 100mm plok\u0161\u010dias, M14 sriegiu"},"content":{"rendered":"<p>M14x2 sriegis<br \/>\nDiametras &#8211; 100mm.<\/p>","protected":false},"excerpt":{"rendered":"<p>\u0160epetys 100mm plok\u0161\u010dias, M14 sriegiu \u00a0<\/p>","protected":false},"featured_media":228982,"comment_status":"open","ping_status":"open","template":"","meta":[],"product_cat":[9450],"product_tag":[9462],"class_list":{"0":"post-228980","1":"product","2":"type-product","3":"status-publish","4":"has-post-thumbnail","6":"product_brand-condor-werkzeug-vokietija","7":"product_cat-sepeciai-greztuvui-slif-pj-irankiui","8":"product_tag-condor-werkzeug-vokietija","10":"first","11":"instock","12":"purchasable","13":"product-type-simple"},"jetpack_sharing_enabled":true,"_links":{"self":[{"href":"https:\/\/irankiuzona.lt\/ru\/wp-json\/wp\/v2\/product\/228980","targetHints":{"allow":["GET"]}}],"collection":[{"href":"https:\/\/irankiuzona.lt\/ru\/wp-json\/wp\/v2\/product"}],"about":[{"href":"https:\/\/irankiuzona.lt\/ru\/wp-json\/wp\/v2\/types\/product"}],"replies":[{"embeddable":true,"href":"https:\/\/irankiuzona.lt\/ru\/wp-json\/wp\/v2\/comments?post=228980"}],"version-history":[{"count":1,"href":"https:\/\/irankiuzona.lt\/ru\/wp-json\/wp\/v2\/product\/228980\/revisions"}],"predecessor-version":[{"id":411639,"href":"https:\/\/irankiuzona.lt\/ru\/wp-json\/wp\/v2\/product\/228980\/revisions\/411639"}],"wp:featuredmedia":[{"embeddable":true,"href":"https:\/\/irankiuzona.lt\/ru\/wp-json\/wp\/v2\/media\/228982"}],"wp:attachment":[{"href":"https:\/\/irankiuzona.lt\/ru\/wp-json\/wp\/v2\/media?parent=228980"}],"wp:term":[{"taxonomy":"product_cat","embeddable":true,"href":"https:\/\/irankiuzona.lt\/ru\/wp-json\/wp\/v2\/product_cat?post=228980"},{"taxonomy":"product_tag","embeddable":true,"href":"https:\/\/irankiuzona.lt\/ru\/wp-json\/wp\/v2\/product_tag?post=228980"}],"curies":[{"name":"wp","href":"https:\/\/api.w.org\/{rel}","templated":true}]}}