{"id":228986,"date":"2024-09-29T02:40:14","date_gmt":"2024-09-29T02:40:14","guid":{"rendered":"https:\/\/irankiuzona.lt\/product\/sepetys-drelei-kuginis-30mm\/"},"modified":"2026-05-15T12:51:42","modified_gmt":"2026-05-15T12:51:42","slug":"sepetys-drelei-kuginis-30mm","status":"publish","type":"product","link":"https:\/\/irankiuzona.lt\/ru\/product\/sepetys-drelei-kuginis-30mm\/","title":{"rendered":"\u0161epetys dr\u0117lei k\u016bginis 30mm"},"content":{"rendered":"<p>6mm kotelis<\/p>","protected":false},"excerpt":{"rendered":"<p>\u0160epetys dr\u0117lei k\u016bginis 30mm<\/p>","protected":false},"featured_media":228988,"comment_status":"open","ping_status":"open","template":"","meta":[],"product_cat":[9450],"product_tag":[9462],"class_list":{"0":"post-228986","1":"product","2":"type-product","3":"status-publish","4":"has-post-thumbnail","6":"product_brand-condor-werkzeug-vokietija","7":"product_cat-sepeciai-greztuvui-slif-pj-irankiui","8":"product_tag-condor-werkzeug-vokietija","10":"first","11":"instock","12":"purchasable","13":"product-type-simple"},"jetpack_sharing_enabled":true,"_links":{"self":[{"href":"https:\/\/irankiuzona.lt\/ru\/wp-json\/wp\/v2\/product\/228986","targetHints":{"allow":["GET"]}}],"collection":[{"href":"https:\/\/irankiuzona.lt\/ru\/wp-json\/wp\/v2\/product"}],"about":[{"href":"https:\/\/irankiuzona.lt\/ru\/wp-json\/wp\/v2\/types\/product"}],"replies":[{"embeddable":true,"href":"https:\/\/irankiuzona.lt\/ru\/wp-json\/wp\/v2\/comments?post=228986"}],"version-history":[{"count":1,"href":"https:\/\/irankiuzona.lt\/ru\/wp-json\/wp\/v2\/product\/228986\/revisions"}],"predecessor-version":[{"id":411641,"href":"https:\/\/irankiuzona.lt\/ru\/wp-json\/wp\/v2\/product\/228986\/revisions\/411641"}],"wp:featuredmedia":[{"embeddable":true,"href":"https:\/\/irankiuzona.lt\/ru\/wp-json\/wp\/v2\/media\/228988"}],"wp:attachment":[{"href":"https:\/\/irankiuzona.lt\/ru\/wp-json\/wp\/v2\/media?parent=228986"}],"wp:term":[{"taxonomy":"product_cat","embeddable":true,"href":"https:\/\/irankiuzona.lt\/ru\/wp-json\/wp\/v2\/product_cat?post=228986"},{"taxonomy":"product_tag","embeddable":true,"href":"https:\/\/irankiuzona.lt\/ru\/wp-json\/wp\/v2\/product_tag?post=228986"}],"curies":[{"name":"wp","href":"https:\/\/api.w.org\/{rel}","templated":true}]}}